{"id":1118,"date":"2018-01-22T12:54:30","date_gmt":"2018-01-22T11:54:30","guid":{"rendered":"http:\/\/credobus.hu\/site3_2018\/?page_id=1118"},"modified":"2019-02-25T11:45:54","modified_gmt":"2019-02-25T10:45:54","slug":"sajto","status":"publish","type":"page","link":"https:\/\/credobus.hu\/archive\/sajto\/","title":{"rendered":"Sajt\u00f3"},"content":{"rendered":"<p>Sajt\u00f3k\u00f6zlem\u00e9nyek<\/p>\n","protected":false},"excerpt":{"rendered":"<p>Sajt\u00f3k\u00f6zlem\u00e9nyek<\/p>\n","protected":false},"author":1,"featured_media":0,"parent":0,"menu_order":0,"comment_status":"closed","ping_status":"closed","template":"","meta":[],"_links":{"self":[{"href":"https:\/\/credobus.hu\/archive\/wp-json\/wp\/v2\/pages\/1118"}],"collection":[{"href":"https:\/\/credobus.hu\/archive\/wp-json\/wp\/v2\/pages"}],"about":[{"href":"https:\/\/credobus.hu\/archive\/wp-json\/wp\/v2\/types\/page"}],"author":[{"embeddable":true,"href":"https:\/\/credobus.hu\/archive\/wp-json\/wp\/v2\/users\/1"}],"replies":[{"embeddable":true,"href":"https:\/\/credobus.hu\/archive\/wp-json\/wp\/v2\/comments?post=1118"}],"version-history":[{"count":27,"href":"https:\/\/credobus.hu\/archive\/wp-json\/wp\/v2\/pages\/1118\/revisions"}],"predecessor-version":[{"id":4860,"href":"https:\/\/credobus.hu\/archive\/wp-json\/wp\/v2\/pages\/1118\/revisions\/4860"}],"wp:attachment":[{"href":"https:\/\/credobus.hu\/archive\/wp-json\/wp\/v2\/media?parent=1118"}],"curies":[{"name":"wp","href":"https:\/\/api.w.org\/{rel}","templated":true}]}}