{"id":184,"date":"2016-10-19T13:29:12","date_gmt":"2016-10-19T13:29:12","guid":{"rendered":"http:\/\/ld-wp.template-help.com\/wordpress_64157-sample\/?page_id=184"},"modified":"2022-05-20T12:40:07","modified_gmt":"2022-05-20T10:40:07","slug":"kezdolap","status":"publish","type":"page","link":"https:\/\/credobus.hu\/archive\/","title":{"rendered":"Kezd\u0151lap"},"content":{"rendered":"<p>T\u00f6bb mint 20.000 n\u00e9gyzetm\u00e9teresre b\u0151v\u00fclt a Credobus gy\u00e1rt\u00f3csarnok. Az \u00faj Econell 18 Next. Magyar vil\u00e1g\u00fajdons\u00e1g. 365 Econell a VOL\u00c1NBUSZ Zrt.-nek. Inovell + a Zala ZONE j\u00e1rm\u0171ipari tesztp\u00e1ly\u00e1n Elk\u00e9sz\u00fclt a 2000. Credobus. Ki\u00e1ll a mosonmagyar\u00f3v\u00e1ri futball mellett a Credobus <a href=\"https:\/\/credobus.hu\/archive\/\" title=\"Read more on Kezd\u0151lap\" class=\"more-link\">read more<\/a><\/p>\n","protected":false},"excerpt":{"rendered":"<p>T\u00f6bb mint 20.000 n\u00e9gyzetm\u00e9teresre b\u0151v\u00fclt a Credobus gy\u00e1rt\u00f3csarnok. Az \u00faj Econell 18 Next. Magyar vil\u00e1g\u00fajdons\u00e1g. 365 Econell a VOL\u00c1NBUSZ Zrt.-nek. Inovell + a Zala ZONE j\u00e1rm\u0171ipari tesztp\u00e1ly\u00e1n Elk\u00e9sz\u00fclt a 2000. Credobus. Ki\u00e1ll a mosonmagyar\u00f3v\u00e1ri futball mellett a Credobus read more<\/p>\n","protected":false},"author":1,"featured_media":0,"parent":0,"menu_order":0,"comment_status":"closed","ping_status":"closed","template":"","meta":[],"_links":{"self":[{"href":"https:\/\/credobus.hu\/archive\/wp-json\/wp\/v2\/pages\/184"}],"collection":[{"href":"https:\/\/credobus.hu\/archive\/wp-json\/wp\/v2\/pages"}],"about":[{"href":"https:\/\/credobus.hu\/archive\/wp-json\/wp\/v2\/types\/page"}],"author":[{"embeddable":true,"href":"https:\/\/credobus.hu\/archive\/wp-json\/wp\/v2\/users\/1"}],"replies":[{"embeddable":true,"href":"https:\/\/credobus.hu\/archive\/wp-json\/wp\/v2\/comments?post=184"}],"version-history":[{"count":734,"href":"https:\/\/credobus.hu\/archive\/wp-json\/wp\/v2\/pages\/184\/revisions"}],"predecessor-version":[{"id":5817,"href":"https:\/\/credobus.hu\/archive\/wp-json\/wp\/v2\/pages\/184\/revisions\/5817"}],"wp:attachment":[{"href":"https:\/\/credobus.hu\/archive\/wp-json\/wp\/v2\/media?parent=184"}],"curies":[{"name":"wp","href":"https:\/\/api.w.org\/{rel}","templated":true}]}}