{"id":2683,"date":"2018-03-09T11:34:34","date_gmt":"2018-03-09T10:34:34","guid":{"rendered":"http:\/\/credobus.hu\/site3_2018\/?page_id=2683"},"modified":"2022-05-20T12:52:08","modified_gmt":"2022-05-20T10:52:08","slug":"tarsadalmi-felelossegvallalas","status":"publish","type":"page","link":"https:\/\/credobus.hu\/archive\/cegcsoportunk\/tarsadalmi-felelossegvallalas\/","title":{"rendered":"T\u00e1rsadalmi felel\u0151ss\u00e9gv\u00e1llal\u00e1s"},"content":{"rendered":"<p>Felel\u0151s foglalkoztat\u00e1s \u0150szint\u00e9n hisz\u00fcnk benne, hogy a legnagyobb v\u00e1ltoz\u00e1sokat \u00fagy tudjuk el\u00e9rni, hogy felel\u0151s \u00e9s empatikus munk\u00e1ltat\u00f3i magatart\u00e1st tan\u00fas\u00edtunk. Ez\u00e9rt 500-n\u00e1l is t\u00f6bb munkat\u00e1rsunk \u00e9s csal\u00e1djaik sz\u00e1m\u00e1ra nemcsak biztos meg\u00e9lhet\u00e9st, hanem az el\u0151rel\u00e9p\u00e9s \u00e9s a f <a href=\"https:\/\/credobus.hu\/archive\/cegcsoportunk\/tarsadalmi-felelossegvallalas\/\" title=\"Read more on T\u00e1rsadalmi felel\u0151ss\u00e9gv\u00e1llal\u00e1s\" class=\"more-link\">read more<\/a><\/p>\n","protected":false},"excerpt":{"rendered":"<p>Felel\u0151s foglalkoztat\u00e1s \u0150szint\u00e9n hisz\u00fcnk benne, hogy a legnagyobb v\u00e1ltoz\u00e1sokat \u00fagy tudjuk el\u00e9rni, hogy felel\u0151s \u00e9s empatikus munk\u00e1ltat\u00f3i magatart\u00e1st tan\u00fas\u00edtunk. Ez\u00e9rt 500-n\u00e1l is t\u00f6bb munkat\u00e1rsunk \u00e9s csal\u00e1djaik sz\u00e1m\u00e1ra nemcsak biztos meg\u00e9lhet\u00e9st, hanem az el\u0151rel\u00e9p\u00e9s \u00e9s a f read more<\/p>\n","protected":false},"author":1,"featured_media":0,"parent":935,"menu_order":0,"comment_status":"closed","ping_status":"closed","template":"","meta":[],"_links":{"self":[{"href":"https:\/\/credobus.hu\/archive\/wp-json\/wp\/v2\/pages\/2683"}],"collection":[{"href":"https:\/\/credobus.hu\/archive\/wp-json\/wp\/v2\/pages"}],"about":[{"href":"https:\/\/credobus.hu\/archive\/wp-json\/wp\/v2\/types\/page"}],"author":[{"embeddable":true,"href":"https:\/\/credobus.hu\/archive\/wp-json\/wp\/v2\/users\/1"}],"replies":[{"embeddable":true,"href":"https:\/\/credobus.hu\/archive\/wp-json\/wp\/v2\/comments?post=2683"}],"version-history":[{"count":67,"href":"https:\/\/credobus.hu\/archive\/wp-json\/wp\/v2\/pages\/2683\/revisions"}],"predecessor-version":[{"id":5820,"href":"https:\/\/credobus.hu\/archive\/wp-json\/wp\/v2\/pages\/2683\/revisions\/5820"}],"up":[{"embeddable":true,"href":"https:\/\/credobus.hu\/archive\/wp-json\/wp\/v2\/pages\/935"}],"wp:attachment":[{"href":"https:\/\/credobus.hu\/archive\/wp-json\/wp\/v2\/media?parent=2683"}],"curies":[{"name":"wp","href":"https:\/\/api.w.org\/{rel}","templated":true}]}}