{"id":3670,"date":"2018-06-05T10:10:44","date_gmt":"2018-06-05T08:10:44","guid":{"rendered":"http:\/\/credobus.hu\/site3_2018\/?page_id=3670"},"modified":"2022-05-20T12:16:28","modified_gmt":"2022-05-20T10:16:28","slug":"econell","status":"publish","type":"page","link":"https:\/\/credobus.hu\/archive\/autobuszok\/econell\/","title":{"rendered":"Econell"},"content":{"rendered":"<p>ECONELL Komfort \u00e9s gazdas\u00e1goss\u00e1g Racion\u00e1lis, mint \u00f6n Akad\u00e1lymentes el\u0151v\u00e1rosi buszcsal\u00e1d a hagyom\u00e1nyos elrendez\u00e9s\u0171 hajt\u00e1sl\u00e1nc el\u0151nyeivel: a Credobus Econell el\u0151v\u00e1rosi alkalmaz\u00e1sban is el\u00e9rhet\u0151v\u00e9 teszi az akad\u00e1lymentes szolg\u00e1ltat\u00e1st, mik\u00f6zben seg\u00edt a k\u00f6zleked\u00e9si oper\u00e1toro <a href=\"https:\/\/credobus.hu\/archive\/autobuszok\/econell\/\" title=\"Read more on Econell\" class=\"more-link\">read more<\/a><\/p>\n","protected":false},"excerpt":{"rendered":"<p>ECONELL Komfort \u00e9s gazdas\u00e1goss\u00e1g Racion\u00e1lis, mint \u00f6n Akad\u00e1lymentes el\u0151v\u00e1rosi buszcsal\u00e1d a hagyom\u00e1nyos elrendez\u00e9s\u0171 hajt\u00e1sl\u00e1nc el\u0151nyeivel: a Credobus Econell el\u0151v\u00e1rosi alkalmaz\u00e1sban is el\u00e9rhet\u0151v\u00e9 teszi az akad\u00e1lymentes szolg\u00e1ltat\u00e1st, mik\u00f6zben seg\u00edt a k\u00f6zleked\u00e9si oper\u00e1toro read more<\/p>\n","protected":false},"author":1,"featured_media":0,"parent":923,"menu_order":0,"comment_status":"closed","ping_status":"closed","template":"","meta":[],"_links":{"self":[{"href":"https:\/\/credobus.hu\/archive\/wp-json\/wp\/v2\/pages\/3670"}],"collection":[{"href":"https:\/\/credobus.hu\/archive\/wp-json\/wp\/v2\/pages"}],"about":[{"href":"https:\/\/credobus.hu\/archive\/wp-json\/wp\/v2\/types\/page"}],"author":[{"embeddable":true,"href":"https:\/\/credobus.hu\/archive\/wp-json\/wp\/v2\/users\/1"}],"replies":[{"embeddable":true,"href":"https:\/\/credobus.hu\/archive\/wp-json\/wp\/v2\/comments?post=3670"}],"version-history":[{"count":45,"href":"https:\/\/credobus.hu\/archive\/wp-json\/wp\/v2\/pages\/3670\/revisions"}],"predecessor-version":[{"id":5811,"href":"https:\/\/credobus.hu\/archive\/wp-json\/wp\/v2\/pages\/3670\/revisions\/5811"}],"up":[{"embeddable":true,"href":"https:\/\/credobus.hu\/archive\/wp-json\/wp\/v2\/pages\/923"}],"wp:attachment":[{"href":"https:\/\/credobus.hu\/archive\/wp-json\/wp\/v2\/media?parent=3670"}],"curies":[{"name":"wp","href":"https:\/\/api.w.org\/{rel}","templated":true}]}}