{"id":3792,"date":"2018-06-07T13:14:00","date_gmt":"2018-06-07T11:14:00","guid":{"rendered":"http:\/\/credobus.hu\/site3_2018\/?page_id=3792"},"modified":"2022-05-20T12:33:25","modified_gmt":"2022-05-20T10:33:25","slug":"optinell","status":"publish","type":"page","link":"https:\/\/credobus.hu\/archive\/autobuszok\/optinell\/","title":{"rendered":"Optinell"},"content":{"rendered":"<p>OPTINELL K\u00f6nny\u0171, teh\u00e1t hat\u00e9kony Az univerz\u00e1lis t\u00e1vols\u00e1gi busz Az Optinellel a t\u00e1vols\u00e1gi kateg\u00f3ri\u00e1ban is el\u00e9rhet\u0151v\u00e9 v\u00e1lt a Credobus k\u00f6nny\u0171szerkezet\u0171 modul\u00e1ris m\u0171szaki platformja, amellyel az \u00fczemeltet\u0151k jelent\u0151s megtakar\u00edt\u00e1sokat \u00e9rhetnek el az intercity jelleg\u0171 alkalmaz\u00e1 <a href=\"https:\/\/credobus.hu\/archive\/autobuszok\/optinell\/\" title=\"Read more on Optinell\" class=\"more-link\">read more<\/a><\/p>\n","protected":false},"excerpt":{"rendered":"<p>OPTINELL K\u00f6nny\u0171, teh\u00e1t hat\u00e9kony Az univerz\u00e1lis t\u00e1vols\u00e1gi busz Az Optinellel a t\u00e1vols\u00e1gi kateg\u00f3ri\u00e1ban is el\u00e9rhet\u0151v\u00e9 v\u00e1lt a Credobus k\u00f6nny\u0171szerkezet\u0171 modul\u00e1ris m\u0171szaki platformja, amellyel az \u00fczemeltet\u0151k jelent\u0151s megtakar\u00edt\u00e1sokat \u00e9rhetnek el az intercity jelleg\u0171 alkalmaz\u00e1 read more<\/p>\n","protected":false},"author":1,"featured_media":0,"parent":923,"menu_order":0,"comment_status":"closed","ping_status":"closed","template":"","meta":[],"_links":{"self":[{"href":"https:\/\/credobus.hu\/archive\/wp-json\/wp\/v2\/pages\/3792"}],"collection":[{"href":"https:\/\/credobus.hu\/archive\/wp-json\/wp\/v2\/pages"}],"about":[{"href":"https:\/\/credobus.hu\/archive\/wp-json\/wp\/v2\/types\/page"}],"author":[{"embeddable":true,"href":"https:\/\/credobus.hu\/archive\/wp-json\/wp\/v2\/users\/1"}],"replies":[{"embeddable":true,"href":"https:\/\/credobus.hu\/archive\/wp-json\/wp\/v2\/comments?post=3792"}],"version-history":[{"count":55,"href":"https:\/\/credobus.hu\/archive\/wp-json\/wp\/v2\/pages\/3792\/revisions"}],"predecessor-version":[{"id":5816,"href":"https:\/\/credobus.hu\/archive\/wp-json\/wp\/v2\/pages\/3792\/revisions\/5816"}],"up":[{"embeddable":true,"href":"https:\/\/credobus.hu\/archive\/wp-json\/wp\/v2\/pages\/923"}],"wp:attachment":[{"href":"https:\/\/credobus.hu\/archive\/wp-json\/wp\/v2\/media?parent=3792"}],"curies":[{"name":"wp","href":"https:\/\/api.w.org\/{rel}","templated":true}]}}