{"id":4257,"date":"2018-06-27T06:26:00","date_gmt":"2018-06-27T04:26:00","guid":{"rendered":"http:\/\/credobus.hu\/site3_2018\/?page_id=4257"},"modified":"2022-05-20T12:57:18","modified_gmt":"2022-05-20T10:57:18","slug":"english","status":"publish","type":"page","link":"https:\/\/credobus.hu\/archive\/english\/","title":{"rendered":"English"},"content":{"rendered":"<p>Credobus connects us Kravtex-K\u00fchne is one of Hungary\u2019s leading domestic-owned vehicle manufacturing company-group and founder of the Credobus brand. Our group has established the largest capacity bus factory in Mosonmagyar\u00f3v\u00e1r and Gy\u0151r which is the most important vehicl <a href=\"https:\/\/credobus.hu\/archive\/english\/\" title=\"Read more on English\" class=\"more-link\">read more<\/a><\/p>\n","protected":false},"excerpt":{"rendered":"<p>Credobus connects us Kravtex-K\u00fchne is one of Hungary\u2019s leading domestic-owned vehicle manufacturing company-group and founder of the Credobus brand. Our group has established the largest capacity bus factory in Mosonmagyar\u00f3v\u00e1r and Gy\u0151r which is the most important vehicl read more<\/p>\n","protected":false},"author":1,"featured_media":0,"parent":0,"menu_order":0,"comment_status":"closed","ping_status":"closed","template":"","meta":[],"_links":{"self":[{"href":"https:\/\/credobus.hu\/archive\/wp-json\/wp\/v2\/pages\/4257"}],"collection":[{"href":"https:\/\/credobus.hu\/archive\/wp-json\/wp\/v2\/pages"}],"about":[{"href":"https:\/\/credobus.hu\/archive\/wp-json\/wp\/v2\/types\/page"}],"author":[{"embeddable":true,"href":"https:\/\/credobus.hu\/archive\/wp-json\/wp\/v2\/users\/1"}],"replies":[{"embeddable":true,"href":"https:\/\/credobus.hu\/archive\/wp-json\/wp\/v2\/comments?post=4257"}],"version-history":[{"count":13,"href":"https:\/\/credobus.hu\/archive\/wp-json\/wp\/v2\/pages\/4257\/revisions"}],"predecessor-version":[{"id":5823,"href":"https:\/\/credobus.hu\/archive\/wp-json\/wp\/v2\/pages\/4257\/revisions\/5823"}],"wp:attachment":[{"href":"https:\/\/credobus.hu\/archive\/wp-json\/wp\/v2\/media?parent=4257"}],"curies":[{"name":"wp","href":"https:\/\/api.w.org\/{rel}","templated":true}]}}