{"id":4681,"date":"2018-07-24T07:11:50","date_gmt":"2018-07-24T05:11:50","guid":{"rendered":"https:\/\/credobus.hu\/?page_id=4681"},"modified":"2022-05-20T12:06:18","modified_gmt":"2022-05-20T10:06:18","slug":"econell-medic","status":"publish","type":"page","link":"https:\/\/credobus.hu\/archive\/autobuszok\/econell-medic\/","title":{"rendered":"Econell Medic"},"content":{"rendered":"<p>ECONELL MEDIC T\u00f6bbfunkci\u00f3s mobil sz\u0171r\u0151egys\u00e9g H\u00e1zhoz j\u00f6n az eg\u00e9szs\u00e9g A magyar fejleszt\u00e9s\u0171 Credobus Econell Medic sz\u0171r\u0151busszal az orsz\u00e1g b\u00e1rmely pontj\u00e1ra eljuttathat\u00f3k a legmodernebb orvosi diagnosztikai szolg\u00e1ltat\u00e1sok, ezzel jelent\u0151sen cs\u00f6kkenthet\u0151k a ter\u00fcleti ell\u00e1t\u00e1si k <a href=\"https:\/\/credobus.hu\/archive\/autobuszok\/econell-medic\/\" title=\"Read more on Econell Medic\" class=\"more-link\">read more<\/a><\/p>\n","protected":false},"excerpt":{"rendered":"<p>ECONELL MEDIC T\u00f6bbfunkci\u00f3s mobil sz\u0171r\u0151egys\u00e9g H\u00e1zhoz j\u00f6n az eg\u00e9szs\u00e9g A magyar fejleszt\u00e9s\u0171 Credobus Econell Medic sz\u0171r\u0151busszal az orsz\u00e1g b\u00e1rmely pontj\u00e1ra eljuttathat\u00f3k a legmodernebb orvosi diagnosztikai szolg\u00e1ltat\u00e1sok, ezzel jelent\u0151sen cs\u00f6kkenthet\u0151k a ter\u00fcleti ell\u00e1t\u00e1si k read more<\/p>\n","protected":false},"author":1,"featured_media":0,"parent":923,"menu_order":0,"comment_status":"closed","ping_status":"closed","template":"","meta":[],"_links":{"self":[{"href":"https:\/\/credobus.hu\/archive\/wp-json\/wp\/v2\/pages\/4681"}],"collection":[{"href":"https:\/\/credobus.hu\/archive\/wp-json\/wp\/v2\/pages"}],"about":[{"href":"https:\/\/credobus.hu\/archive\/wp-json\/wp\/v2\/types\/page"}],"author":[{"embeddable":true,"href":"https:\/\/credobus.hu\/archive\/wp-json\/wp\/v2\/users\/1"}],"replies":[{"embeddable":true,"href":"https:\/\/credobus.hu\/archive\/wp-json\/wp\/v2\/comments?post=4681"}],"version-history":[{"count":23,"href":"https:\/\/credobus.hu\/archive\/wp-json\/wp\/v2\/pages\/4681\/revisions"}],"predecessor-version":[{"id":5808,"href":"https:\/\/credobus.hu\/archive\/wp-json\/wp\/v2\/pages\/4681\/revisions\/5808"}],"up":[{"embeddable":true,"href":"https:\/\/credobus.hu\/archive\/wp-json\/wp\/v2\/pages\/923"}],"wp:attachment":[{"href":"https:\/\/credobus.hu\/archive\/wp-json\/wp\/v2\/media?parent=4681"}],"curies":[{"name":"wp","href":"https:\/\/api.w.org\/{rel}","templated":true}]}}