{"id":4880,"date":"2019-04-26T07:17:44","date_gmt":"2019-04-26T05:17:44","guid":{"rendered":"https:\/\/credobus.hu\/?page_id=4880"},"modified":"2022-05-20T12:02:55","modified_gmt":"2022-05-20T10:02:55","slug":"inovell-plus","status":"publish","type":"page","link":"https:\/\/credobus.hu\/archive\/autobuszok\/inovell-plus\/","title":{"rendered":"Inovell +"},"content":{"rendered":"<p>A vadonat\u00faj Inovell + a Credobus eddigi legjobb aj\u00e1nlata a v\u00e1rosk\u00f6zi aut\u00f3buszok \u00fczemeltet\u0151i sz\u00e1m\u00e1ra. Az \u00faj t\u00f6bbfunkci\u00f3s Inovell + buszcsal\u00e1d alacsony t\u00f6meg\u00e9vel seg\u00edt a k\u00f6lts\u00e9gek k\u00e9zben tart\u00e1s\u00e1ban, \u00e9s szinte minden v\u00e1rosk\u00f6zi alkalmaz\u00e1sban meg\u00e1llja a hely\u00e9t, legyen sz\u00f3 he <a href=\"https:\/\/credobus.hu\/archive\/autobuszok\/inovell-plus\/\" title=\"Read more on Inovell +\" class=\"more-link\">read more<\/a><\/p>\n","protected":false},"excerpt":{"rendered":"<p>A vadonat\u00faj Inovell + a Credobus eddigi legjobb aj\u00e1nlata a v\u00e1rosk\u00f6zi aut\u00f3buszok \u00fczemeltet\u0151i sz\u00e1m\u00e1ra. Az \u00faj t\u00f6bbfunkci\u00f3s Inovell + buszcsal\u00e1d alacsony t\u00f6meg\u00e9vel seg\u00edt a k\u00f6lts\u00e9gek k\u00e9zben tart\u00e1s\u00e1ban, \u00e9s szinte minden v\u00e1rosk\u00f6zi alkalmaz\u00e1sban meg\u00e1llja a hely\u00e9t, legyen sz\u00f3 he read more<\/p>\n","protected":false},"author":1,"featured_media":0,"parent":923,"menu_order":0,"comment_status":"closed","ping_status":"closed","template":"","meta":[],"_links":{"self":[{"href":"https:\/\/credobus.hu\/archive\/wp-json\/wp\/v2\/pages\/4880"}],"collection":[{"href":"https:\/\/credobus.hu\/archive\/wp-json\/wp\/v2\/pages"}],"about":[{"href":"https:\/\/credobus.hu\/archive\/wp-json\/wp\/v2\/types\/page"}],"author":[{"embeddable":true,"href":"https:\/\/credobus.hu\/archive\/wp-json\/wp\/v2\/users\/1"}],"replies":[{"embeddable":true,"href":"https:\/\/credobus.hu\/archive\/wp-json\/wp\/v2\/comments?post=4880"}],"version-history":[{"count":21,"href":"https:\/\/credobus.hu\/archive\/wp-json\/wp\/v2\/pages\/4880\/revisions"}],"predecessor-version":[{"id":5807,"href":"https:\/\/credobus.hu\/archive\/wp-json\/wp\/v2\/pages\/4880\/revisions\/5807"}],"up":[{"embeddable":true,"href":"https:\/\/credobus.hu\/archive\/wp-json\/wp\/v2\/pages\/923"}],"wp:attachment":[{"href":"https:\/\/credobus.hu\/archive\/wp-json\/wp\/v2\/media?parent=4880"}],"curies":[{"name":"wp","href":"https:\/\/api.w.org\/{rel}","templated":true}]}}