{"id":927,"date":"2018-01-21T06:52:08","date_gmt":"2018-01-21T05:52:08","guid":{"rendered":"http:\/\/credobus.hu\/site3_2018\/?page_id=927"},"modified":"2022-05-20T12:08:28","modified_gmt":"2022-05-20T10:08:28","slug":"econell-city","status":"publish","type":"page","link":"https:\/\/credobus.hu\/archive\/autobuszok\/econell-city\/","title":{"rendered":"Econell CiTY"},"content":{"rendered":"<p>ECONELL CiTY Komfort \u00e9s gazdas\u00e1goss\u00e1g Mit jelent, ha egy v\u00e1rosi busz k\u00f6nny\u0171? A Credobus Econell CiTY sokkal t\u00f6bb, mint egy takar\u00e9kos v\u00e1rosi busz. Alacsony t\u00f6meg\u00e9nek k\u00f6sz\u00f6nhet\u0151en \u00fczemanyag-felhaszn\u00e1l\u00e1sa kedvez\u0151, befogad\u00f3k\u00e9pess\u00e9ge pedig maxim\u00e1lis. Az utaskapacit\u00e1st n\u00f6vel\u0151 <a href=\"https:\/\/credobus.hu\/archive\/autobuszok\/econell-city\/\" title=\"Read more on Econell CiTY\" class=\"more-link\">read more<\/a><\/p>\n","protected":false},"excerpt":{"rendered":"<p>ECONELL CiTY Komfort \u00e9s gazdas\u00e1goss\u00e1g Mit jelent, ha egy v\u00e1rosi busz k\u00f6nny\u0171? A Credobus Econell CiTY sokkal t\u00f6bb, mint egy takar\u00e9kos v\u00e1rosi busz. Alacsony t\u00f6meg\u00e9nek k\u00f6sz\u00f6nhet\u0151en \u00fczemanyag-felhaszn\u00e1l\u00e1sa kedvez\u0151, befogad\u00f3k\u00e9pess\u00e9ge pedig maxim\u00e1lis. Az utaskapacit\u00e1st n\u00f6vel\u0151 read more<\/p>\n","protected":false},"author":1,"featured_media":0,"parent":923,"menu_order":0,"comment_status":"closed","ping_status":"closed","template":"","meta":[],"_links":{"self":[{"href":"https:\/\/credobus.hu\/archive\/wp-json\/wp\/v2\/pages\/927"}],"collection":[{"href":"https:\/\/credobus.hu\/archive\/wp-json\/wp\/v2\/pages"}],"about":[{"href":"https:\/\/credobus.hu\/archive\/wp-json\/wp\/v2\/types\/page"}],"author":[{"embeddable":true,"href":"https:\/\/credobus.hu\/archive\/wp-json\/wp\/v2\/users\/1"}],"replies":[{"embeddable":true,"href":"https:\/\/credobus.hu\/archive\/wp-json\/wp\/v2\/comments?post=927"}],"version-history":[{"count":872,"href":"https:\/\/credobus.hu\/archive\/wp-json\/wp\/v2\/pages\/927\/revisions"}],"predecessor-version":[{"id":5809,"href":"https:\/\/credobus.hu\/archive\/wp-json\/wp\/v2\/pages\/927\/revisions\/5809"}],"up":[{"embeddable":true,"href":"https:\/\/credobus.hu\/archive\/wp-json\/wp\/v2\/pages\/923"}],"wp:attachment":[{"href":"https:\/\/credobus.hu\/archive\/wp-json\/wp\/v2\/media?parent=927"}],"curies":[{"name":"wp","href":"https:\/\/api.w.org\/{rel}","templated":true}]}}