{"id":935,"date":"2018-01-21T06:54:27","date_gmt":"2018-01-21T06:54:27","guid":{"rendered":"http:\/\/credobus.hu\/site3_2018\/?page_id=935"},"modified":"2022-05-20T12:47:48","modified_gmt":"2022-05-20T10:47:48","slug":"cegcsoportunk","status":"publish","type":"page","link":"https:\/\/credobus.hu\/archive\/cegcsoportunk\/","title":{"rendered":"C\u00e9gcsoportunk"},"content":{"rendered":"<p>Bemutatkoz\u00e1s A Kravtex-K\u00fchne Csoport Magyarorsz\u00e1g meghat\u00e1roz\u00f3 hazai tulajdon\u00fa j\u00e1rm\u0171ipari v\u00e1llalata, a Credobus m\u00e1rka alap\u00edt\u00f3ja. C\u00e9gcsoportunk Mosonmagyar\u00f3v\u00e1ron \u00e9s Gy\u0151rben az orsz\u00e1g legnagyobb kapacit\u00e1s\u00fa \u00e9s legmodernebb buszgy\u00e1r\u00e1t hozta l\u00e9tre, amely a hazai k\u00f6zszolg\u00e1ltat <a href=\"https:\/\/credobus.hu\/archive\/cegcsoportunk\/\" title=\"Read more on C\u00e9gcsoportunk\" class=\"more-link\">read more<\/a><\/p>\n","protected":false},"excerpt":{"rendered":"<p>Bemutatkoz\u00e1s A Kravtex-K\u00fchne Csoport Magyarorsz\u00e1g meghat\u00e1roz\u00f3 hazai tulajdon\u00fa j\u00e1rm\u0171ipari v\u00e1llalata, a Credobus m\u00e1rka alap\u00edt\u00f3ja. C\u00e9gcsoportunk Mosonmagyar\u00f3v\u00e1ron \u00e9s Gy\u0151rben az orsz\u00e1g legnagyobb kapacit\u00e1s\u00fa \u00e9s legmodernebb buszgy\u00e1r\u00e1t hozta l\u00e9tre, amely a hazai k\u00f6zszolg\u00e1ltat read more<\/p>\n","protected":false},"author":1,"featured_media":0,"parent":0,"menu_order":0,"comment_status":"closed","ping_status":"closed","template":"","meta":[],"_links":{"self":[{"href":"https:\/\/credobus.hu\/archive\/wp-json\/wp\/v2\/pages\/935"}],"collection":[{"href":"https:\/\/credobus.hu\/archive\/wp-json\/wp\/v2\/pages"}],"about":[{"href":"https:\/\/credobus.hu\/archive\/wp-json\/wp\/v2\/types\/page"}],"author":[{"embeddable":true,"href":"https:\/\/credobus.hu\/archive\/wp-json\/wp\/v2\/users\/1"}],"replies":[{"embeddable":true,"href":"https:\/\/credobus.hu\/archive\/wp-json\/wp\/v2\/comments?post=935"}],"version-history":[{"count":71,"href":"https:\/\/credobus.hu\/archive\/wp-json\/wp\/v2\/pages\/935\/revisions"}],"predecessor-version":[{"id":5818,"href":"https:\/\/credobus.hu\/archive\/wp-json\/wp\/v2\/pages\/935\/revisions\/5818"}],"wp:attachment":[{"href":"https:\/\/credobus.hu\/archive\/wp-json\/wp\/v2\/media?parent=935"}],"curies":[{"name":"wp","href":"https:\/\/api.w.org\/{rel}","templated":true}]}}