{"id":1200,"date":"2022-02-22T12:57:35","date_gmt":"2022-02-22T11:57:35","guid":{"rendered":"https:\/\/credobus.hu\/next\/?page_id=1200"},"modified":"2025-10-18T06:07:15","modified_gmt":"2025-10-18T04:07:15","slug":"kezdooldal","status":"publish","type":"page","link":"https:\/\/credobus.hu\/en\/","title":{"rendered":"Credobus connects us."},"content":{"rendered":"<img decoding=\"async\" loading=\"false\" src=\"https:\/\/credobus.hu\/wp-content\/uploads\/2025\/09\/mobil-hatter-4-scaled.jpg\" alt=\"\" \/>\t\t\t\n\t\t\t\t<h1>Electronell<\/h1><p>100% e-drive Hungarian bus family<\/p>\n\t\t\t<a href=\"https:\/\/credobus.hu\/en\/modellvalasztek\/electronell\/\" target=\"_self\">\n\t\t\t\t\t\t\tRead more\n\t\t\t\t\t<\/a>\n\t\t\t<img decoding=\"async\" loading=\"false\" src=\"https:\/\/credobus.hu\/wp-content\/uploads\/2025\/09\/mobil-hatter-5-scaled.jpg\" alt=\"\" \/>\t\t\t\n\t\t\t\t<h1>1.000<\/h1><p>T\u00f6rt\u00e9nelmi szerz\u0151d\u00e9s a M\u00c1V-csoporttal<\/p>\n\t\t\t<a href=\"https:\/\/credobus.hu\/en\/media\/2025\/09\/17\/tortenelmi-szerzodes-1-000-magyar-credobus-erkezhet-a-volan-flottaba\/\" target=\"_self\">\n\t\t\t\t\t\t\tRead more\n\t\t\t\t\t<\/a>\n\t\t\t<img decoding=\"async\" loading=\"false\" src=\"https:\/\/credobus.hu\/wp-content\/uploads\/2025\/09\/mobil-hatter-3-scaled.jpg\" alt=\"\" \/>\t\t\t\n\t\t\t\t<h1>Electronell 18<\/h1><p>Az els\u0151 magyar csukl\u00f3s e-busz<\/p>\n\t\t\t<a href=\"https:\/\/credobus.hu\/en\/media\/2024\/12\/18\/electronell-18-az-elso-magyar-csuklos-e-busz\/\" target=\"_self\">\n\t\t\t\t\t\t\tRead more\n\t\t\t\t\t<\/a>\n\t\t\t<img decoding=\"async\" loading=\"false\" src=\"https:\/\/credobus.hu\/wp-content\/uploads\/2025\/09\/mobil-hatter-2-scaled.jpg\" alt=\"\" \/>\t\t\t\n\t\t\t\t<h1>47x<\/h1><p>47 darab csukl\u00f3s Credobus a VOL\u00c1N-flott\u00e1ban<\/p>\n\t\t\t<a href=\"https:\/\/credobus.hu\/en\/media\/2023\/07\/27\/ujra-van-magyar-csuklos-busz\/\" target=\"_self\">\n\t\t\t\t\t\t\tRead more\n\t\t\t\t\t<\/a>\n\t\t\t<img decoding=\"async\" loading=\"false\" src=\"https:\/\/credobus.hu\/wp-content\/uploads\/2025\/09\/mobil-hatter-1-scaled.jpg\" alt=\"\" \/>\t\t\t\n\t\t\t\t<h1>Factory inauguration<\/h1><p>Magyarorsz\u00e1g legnagyobb buszgy\u00e1ra<\/p>\n\t\t\t<a href=\"https:\/\/credobus.hu\/en\/2022\/03\/25\/huszezer-negyzetmeteresre-bovult-a-legnagyobb-magyar-buszgyar\/\" target=\"_self\">\n\t\t\t\t\t\t\tRead more\n\t\t\t\t\t<\/a>\n\t\t\t\t<a href=\"#\" aria-label=\"previous\" role=\"button\">\n<\/a>\n\t\t\t\t<a href=\"#\" aria-label=\"next\" role=\"button\">\n<\/a>\n\t\t\t<a href=\"https:\/\/credobus.hu\/media\/\" target=\"_self\">\n\t\t\t\t\t\t\tAll posts (HU)\n\t\t\t\t\t<\/a>\n\t<h1>Credobus connects us.<\/h1>\n\t<p>Credobus is a brand of the Hungarian Kravtex-K\u00fchne Group. In Mosonmagyar\u00f3v\u00e1r and Gy\u0151r, we have been manufacturing Hungary's most popular buses since 1999.<\/p>\n\t\t<iframe loading=\"lazy\" width=\"560\" height=\"315\" src=\"https:\/\/www.youtube.com\/embed\/SKTMnKwp-xE?si=VPddxkLY76wB8ZVZ\" title=\"YouTube video player\" frameborder=\"0\" allow=\"accelerometer; autoplay; clipboard-write; encrypted-media; gyroscope; picture-in-picture; web-share\" allowfullscreen><\/iframe>\t\n\t\t<!-- Comment to fix spacing issue\n\t-->\n\t\t<h1>0+<\/h1>Manufactured buses\n\t<!-- Comment to fix spacing issue\n\t-->\t\n\t\t<!-- Comment to fix spacing issue\n\t-->\n\t\t<h1>0%<\/h1>Share in<br \/>VOL\u00c1N-fleet\n\t<!-- Comment to fix spacing issue\n\t-->\t\n\t\t<!-- Comment to fix spacing issue\n\t-->\n\t\t<h1>0<\/h1>Employees\n\t<!-- Comment to fix spacing issue\n\t-->\t\n\t\t<!-- Comment to fix spacing issue\n\t-->\n\t\t<h1>0<\/h1>Hungarian manufacturing partners\n\t<!-- Comment to fix spacing issue\n\t-->\t\n\t\t\t\t<img decoding=\"async\" src=\"https:\/\/credobus.hu\/wp-content\/uploads\/2024\/03\/24-03-26-scaled.jpg\" alt=\"24-03-26\" itemprop=\"image\" height=\"657\" width=\"2560\" title=\"24-03-26\" onerror=\"this.style.display='none'\" loading=\"lazy\" \/>\n\t<h1>Ultralight<\/h1>\n\t<p>The ultra-light Credobus models are tons lighter than their competitors, and therefore consume significantly less fuel. The innovative chassis configuration and optimized frame structure result in fuel savings of around 15% and a significant reduction in carbon dioxide emissions.<\/p>\n\t<p><strong>The total savings at the fleet level of approximately 3,000 operating Credobuses could exceed 5.5 billion forints (14 M EUR) annually.<\/strong><\/p>\n\t\t\t<a href=\"https:\/\/credobus.hu\/en\/ultrakonnyu\/\" target=\"_self\">\n\t\t\t\t\t\t\tRead more\n\t\t\t\t\t<\/a>\n\t<h1>Made in Hungary<\/h1>\n\t<p>Our subsidiary, K\u00fchne in Mosonmagyar\u00f3v\u00e1r, independently manufactures not only the self-supporting frame structures, but almost all the integrated metal components of Credobuses.<\/p>\n\t<p><strong>V\u00e9tel\u00e1r-ar\u00e1nyos magyar \u00e9rt\u00e9kh\u00e1nyad: 70 &#8211; 75 %<\/strong><\/p>\n\t\t\t<a href=\"https:\/\/credobus.hu\/en\/cegcsoportunk\/\" target=\"_self\">\n\t\t\t\t\t\t\tRead more\n\t\t\t\t\t<\/a>\n\t\t\t\t<img decoding=\"async\" src=\"https:\/\/credobus.hu\/wp-content\/uploads\/2025\/07\/2025-07-08.139-e1751964285330.jpg\" alt=\"2025-07-08.139\" itemprop=\"image\" height=\"832\" width=\"1802\" title=\"2025-07-08.139\" onerror=\"this.style.display='none'\" loading=\"lazy\" \/>\n\t<h1>#Electronell<\/h1>\n\t\t\t\t<img decoding=\"async\" src=\"https:\/\/credobus.hu\/wp-content\/uploads\/2022\/02\/25-07-21.png\" alt=\"25-07-21\" itemprop=\"image\" height=\"500\" width=\"500\" title=\"25-07-21\" onerror=\"this.style.display='none'\" loading=\"lazy\" \/>\n\t<p>Credobus' first 100% electric bus family is one of the pinnacles of Hungarian bus manufacturing. Thanks to innovations that minimize the amount of batteries, the Electronell models are the lightest metal-framed buses in their category.<\/p>\n\t<p><strong>The Electronell 18 is the first Hungarian articulated e-bus ever made.<\/strong><\/p>\n\t\t\t<a href=\"https:\/\/credobus.hu\/en\/modellvalasztek\/electronell\/\" target=\"_self\">\n\t\t\t\t\t\t\tContinue\n\t\t\t\t\t<\/a>\n\t<h1>Career (HU)<\/h1>\n\t<p>Those who work at Credobus can count not only on a secure job, but also on a predictable development path. Our colleague's work is accompanied by tactile results and a sense of success every day.<\/p>\n\t\t\t<a href=\"https:\/\/credobus.hu\/karrier\/\" target=\"_self\">\n\t\t\t\t\t\tApplication\n\t\t\t\t\t<\/a>\n\t<h1>Credobus Shop<\/h1>\n\t<p>The Credobus Shop is for those who love our buses. The original Credobus products can be ordered in our webshop. (Currently only available in Hungary.)<\/p>\n\t<p><strong>Take your favorite home!<\/strong><\/p>\n\t\t\t<a href=\"https:\/\/credobus.hu\/shop\/\" target=\"_blank\" rel=\"noopener\">\n\t\t\t\t\t\tShop\n\t\t\t\t\t<\/a>\n\t<h1>K\u00fchne 1856<\/h1>\n\t<p>Our subsidiary, K\u00fchne Agricultural Machinery cPlc., founded in 1856 and named after K\u00fchne Ede in Mosonmagyar\u00f3v\u00e1r, is the oldest machinery factory in Hungary that has preserved its original profile.<\/p>\n\t\t\t<a href=\"http:\/\/kuhne.hu\/\" target=\"_blank\" rel=\"noopener\">\n\t\t\t\t\t\t\tContinue\n\t\t\t\t\t<\/a>\n\t<h1>Contact<\/h1>\n\t<p><strong>Kravtex Kft. &#8211; k\u00f6zpont<\/strong><\/p>\n<hr \/>\nH-9022 Gy\u0151r, Liszt Ferenc utca 7.<br \/>\nPhone.: +36 (96) 318-997<br \/>\nFax: +36 (96) 523-571<br \/>\nE-mail: kravtex@kravtex.hu<br \/>\nPress relations: credobus@credobus.hu<br \/>\nWeb: www.credobus.hu\n<p><strong>Kravtex Kft. &#8211; Credobus aut\u00f3buszgy\u00e1r<\/strong><\/p>\n<hr \/>\nH-9023 Gy\u0151r, Tegez utca 1-3.<br \/>\nPhone: +36 (96) 417-557<br \/>\nE-mail: kravtex@kravtex.hu<br \/>\nWeb: www.credobus.hu\n<p><strong>K\u00fchne Agricultural Machinery cPlc.<\/strong><\/p>\n<hr \/>\nH-9200 Mosonmagyar\u00f3v\u00e1r, K\u00fchne Ede t\u00e9r 2.<br \/>\nPhone: +36 (96) 575-500<br \/>\nFax: +36 (96) 575-590<br \/>\nE-mail: kuhne@kuhne.hu<br \/>\nWeb: www.kuhne.hu\n\t<iframe src=\"https:\/\/www.google.com\/maps\/embed?pb=!1m16!1m12!1m3!1d14761.082573214951!2d17.638415841543644!3d47.68680591081778!2m3!1f0!2f0!3f0!3m2!1i1024!2i768!4f13.1!2m1!1skravtex!5e0!3m2!1shu!2shu!4v1649855404701!5m2!1shu!2shu\" width=\"600\" height=\"450\" allowfullscreen=\"\" loading=\"lazy\" referrerpolicy=\"no-referrer-when-downgrade\"><\/iframe>","protected":false},"excerpt":{"rendered":"<p>Electronell 100%-ban e-meghajt\u00e1s\u00fa magyar buszcsal\u00e1d Tov\u00e1bb 1.000 T\u00f6rt\u00e9nelmi szerz\u0151d\u00e9s a M\u00c1V-csoporttal Elolvasom Electronell 18 Az els\u0151 magyar csukl\u00f3s e-busz Elolvasom 47x 47 darab csukl\u00f3s Credobus a VOL\u00c1N-flott\u00e1ban Elolvasom Gy\u00e1ravat\u00e1s Magyarorsz\u00e1g legnagyobb buszgy\u00e1ra Elolvasom Minden h\u00edr A Credobus \u00f6sszek\u00f6t minket. A Credobus a magyar Kravtex-K\u00fchne Csoport m\u00e1rk\u00e1ja. Mosonmagyar\u00f3v\u00e1ron \u00e9s Gy\u0151rben 1999 \u00f3ta gy\u00e1rtjuk Magyarorsz\u00e1g legn\u00e9pszer\u0171bb aut\u00f3busz [&hellip;]<\/p>\n","protected":false},"author":1,"featured_media":0,"parent":0,"menu_order":0,"comment_status":"closed","ping_status":"closed","template":"","meta":{"_monsterinsights_skip_tracking":false,"_monsterinsights_sitenote_active":false,"_monsterinsights_sitenote_note":"","_monsterinsights_sitenote_category":0,"site-sidebar-layout":"default","site-content-layout":"default","ast-site-content-layout":"default","site-content-style":"default","site-sidebar-style":"default","ast-global-header-display":"","ast-banner-title-visibility":"","ast-main-header-display":"","ast-hfb-above-header-display":"","ast-hfb-below-header-display":"disabled","ast-hfb-mobile-header-display":"","site-post-title":"disabled","ast-breadcrumbs-content":"","ast-featured-img":"","footer-sml-layout":"","theme-transparent-header-meta":"disabled","adv-header-id-meta":"","stick-header-meta":"enabled","header-above-stick-meta":"","header-main-stick-meta":"on","header-below-stick-meta":"","astra-migrate-meta-layouts":"default","ast-page-background-enabled":"default","ast-page-background-meta":{"desktop":{"background-color":"var(--ast-global-color-4)","background-image":"","background-repeat":"repeat","background-position":"center center","background-size":"auto","background-attachment":"scroll","background-type":"","background-media":"","overlay-type":"","overlay-color":"","overlay-opacity":"","overlay-gradient":""},"tablet":{"background-color":"","background-image":"","background-repeat":"repeat","background-position":"center center","background-size":"auto","background-attachment":"scroll","background-type":"","background-media":"","overlay-type":"","overlay-color":"","overlay-opacity":"","overlay-gradient":""},"mobile":{"background-color":"","background-image":"","background-repeat":"repeat","background-position":"center center","background-size":"auto","background-attachment":"scroll","background-type":"","background-media":"","overlay-type":"","overlay-color":"","overlay-opacity":"","overlay-gradient":""}},"ast-content-background-meta":{"desktop":{"background-color":"var(--ast-global-color-5)","background-image":"","background-repeat":"repeat","background-position":"center center","background-size":"auto","background-attachment":"scroll","background-type":"","background-media":"","overlay-type":"","overlay-color":"","overlay-opacity":"","overlay-gradient":""},"tablet":{"background-color":"var(--ast-global-color-5)","background-image":"","background-repeat":"repeat","background-position":"center center","background-size":"auto","background-attachment":"scroll","background-type":"","background-media":"","overlay-type":"","overlay-color":"","overlay-opacity":"","overlay-gradient":""},"mobile":{"background-color":"var(--ast-global-color-5)","background-image":"","background-repeat":"repeat","background-position":"center center","background-size":"auto","background-attachment":"scroll","background-type":"","background-media":"","overlay-type":"","overlay-color":"","overlay-opacity":"","overlay-gradient":""}},"footnotes":""},"class_list":["post-1200","page","type-page","status-publish","hentry"],"yoast_head":"<!-- This site is optimized with the Yoast SEO plugin v25.3.1 - https:\/\/yoast.com\/wordpress\/plugins\/seo\/ -->\n<title>A Credobus \u00f6sszek\u00f6t minket. - Credobus\u2122<\/title>\n<meta name=\"robots\" content=\"index, follow, max-snippet:-1, max-image-preview:large, max-video-preview:-1\" \/>\n<link rel=\"canonical\" href=\"https:\/\/credobus.hu\/en\/\" \/>\n<meta property=\"og:locale\" content=\"en_GB\" \/>\n<meta property=\"og:type\" content=\"article\" \/>\n<meta property=\"og:title\" content=\"A Credobus \u00f6sszek\u00f6t minket. - Credobus\u2122\" \/>\n<meta property=\"og:description\" content=\"Electronell 100%-ban e-meghajt\u00e1s\u00fa magyar buszcsal\u00e1d Tov\u00e1bb 1.000 T\u00f6rt\u00e9nelmi szerz\u0151d\u00e9s a M\u00c1V-csoporttal Elolvasom Electronell 18 Az els\u0151 magyar csukl\u00f3s e-busz Elolvasom 47x 47 darab csukl\u00f3s Credobus a VOL\u00c1N-flott\u00e1ban Elolvasom Gy\u00e1ravat\u00e1s Magyarorsz\u00e1g legnagyobb buszgy\u00e1ra Elolvasom Minden h\u00edr A Credobus \u00f6sszek\u00f6t minket. A Credobus a magyar Kravtex-K\u00fchne Csoport m\u00e1rk\u00e1ja. Mosonmagyar\u00f3v\u00e1ron \u00e9s Gy\u0151rben 1999 \u00f3ta gy\u00e1rtjuk Magyarorsz\u00e1g legn\u00e9pszer\u0171bb aut\u00f3busz [&hellip;]\" \/>\n<meta property=\"og:url\" content=\"https:\/\/credobus.hu\/en\/\" \/>\n<meta property=\"og:site_name\" content=\"Credobus\u2122\" \/>\n<meta property=\"article:publisher\" content=\"https:\/\/www.facebook.com\/credobus\" \/>\n<meta property=\"article:modified_time\" content=\"2025-10-18T04:07:15+00:00\" \/>\n<meta property=\"og:image\" content=\"https:\/\/credobus.hu\/wp-content\/uploads\/2025\/09\/mobil-hatter-4-scaled.jpg\" \/>\n<meta name=\"twitter:card\" content=\"summary_large_image\" \/>\n<meta name=\"twitter:label1\" content=\"Estimated reading time\" \/>\n\t<meta name=\"twitter:data1\" content=\"4 minutes\" \/>\n<script type=\"application\/ld+json\" class=\"yoast-schema-graph\">{\"@context\":\"https:\/\/schema.org\",\"@graph\":[{\"@type\":\"WebPage\",\"@id\":\"https:\/\/credobus.hu\/\",\"url\":\"https:\/\/credobus.hu\/\",\"name\":\"A Credobus \u00f6sszek\u00f6t minket. - Credobus\u2122\",\"isPartOf\":{\"@id\":\"https:\/\/credobus.hu\/en\/#website\"},\"primaryImageOfPage\":{\"@id\":\"https:\/\/credobus.hu\/#primaryimage\"},\"image\":{\"@id\":\"https:\/\/credobus.hu\/#primaryimage\"},\"thumbnailUrl\":\"https:\/\/credobus.hu\/wp-content\/uploads\/2025\/09\/mobil-hatter-4-scaled.jpg\",\"datePublished\":\"2022-02-22T11:57:35+00:00\",\"dateModified\":\"2025-10-18T04:07:15+00:00\",\"breadcrumb\":{\"@id\":\"https:\/\/credobus.hu\/#breadcrumb\"},\"inLanguage\":\"en-GB\",\"potentialAction\":[{\"@type\":\"ReadAction\",\"target\":[\"https:\/\/credobus.hu\/\"]}]},{\"@type\":\"ImageObject\",\"inLanguage\":\"en-GB\",\"@id\":\"https:\/\/credobus.hu\/#primaryimage\",\"url\":\"https:\/\/credobus.hu\/wp-content\/uploads\/2025\/09\/mobil-hatter-4-scaled.jpg\",\"contentUrl\":\"https:\/\/credobus.hu\/wp-content\/uploads\/2025\/09\/mobil-hatter-4-scaled.jpg\"},{\"@type\":\"BreadcrumbList\",\"@id\":\"https:\/\/credobus.hu\/#breadcrumb\",\"itemListElement\":[{\"@type\":\"ListItem\",\"position\":1,\"name\":\"Kezd\u0151lap\",\"item\":\"https:\/\/credobus.hu\/\"},{\"@type\":\"ListItem\",\"position\":2,\"name\":\"A Credobus \u00f6sszek\u00f6t minket.\"}]},{\"@type\":\"WebSite\",\"@id\":\"https:\/\/credobus.hu\/en\/#website\",\"url\":\"https:\/\/credobus.hu\/en\/\",\"name\":\"Credobus\u2122\",\"description\":\"A Credobus \u00f6sszek\u00f6t minket.\",\"publisher\":{\"@id\":\"https:\/\/credobus.hu\/en\/#organization\"},\"potentialAction\":[{\"@type\":\"SearchAction\",\"target\":{\"@type\":\"EntryPoint\",\"urlTemplate\":\"https:\/\/credobus.hu\/en\/?s={search_term_string}\"},\"query-input\":{\"@type\":\"PropertyValueSpecification\",\"valueRequired\":true,\"valueName\":\"search_term_string\"}}],\"inLanguage\":\"en-GB\"},{\"@type\":\"Organization\",\"@id\":\"https:\/\/credobus.hu\/en\/#organization\",\"name\":\"Kravtex-K\u00fchne Csoport\",\"url\":\"https:\/\/credobus.hu\/en\/\",\"logo\":{\"@type\":\"ImageObject\",\"inLanguage\":\"en-GB\",\"@id\":\"https:\/\/credobus.hu\/en\/#\/schema\/logo\/image\/\",\"url\":\"https:\/\/credobus.hu\/wp-content\/uploads\/2023\/03\/2021-06-15.png\",\"contentUrl\":\"https:\/\/credobus.hu\/wp-content\/uploads\/2023\/03\/2021-06-15.png\",\"width\":1154,\"height\":354,\"caption\":\"Kravtex-K\u00fchne Csoport\"},\"image\":{\"@id\":\"https:\/\/credobus.hu\/en\/#\/schema\/logo\/image\/\"},\"sameAs\":[\"https:\/\/www.facebook.com\/credobus\",\"https:\/\/www.instagram.com\/credobus\/\"]}]}<\/script>\n<!-- \/ Yoast SEO plugin. -->","yoast_head_json":{"title":"A Credobus \u00f6sszek\u00f6t minket. - Credobus\u2122","robots":{"index":"index","follow":"follow","max-snippet":"max-snippet:-1","max-image-preview":"max-image-preview:large","max-video-preview":"max-video-preview:-1"},"canonical":"https:\/\/credobus.hu\/en\/","og_locale":"en_GB","og_type":"article","og_title":"A Credobus \u00f6sszek\u00f6t minket. - Credobus\u2122","og_description":"Electronell 100%-ban e-meghajt\u00e1s\u00fa magyar buszcsal\u00e1d Tov\u00e1bb 1.000 T\u00f6rt\u00e9nelmi szerz\u0151d\u00e9s a M\u00c1V-csoporttal Elolvasom Electronell 18 Az els\u0151 magyar csukl\u00f3s e-busz Elolvasom 47x 47 darab csukl\u00f3s Credobus a VOL\u00c1N-flott\u00e1ban Elolvasom Gy\u00e1ravat\u00e1s Magyarorsz\u00e1g legnagyobb buszgy\u00e1ra Elolvasom Minden h\u00edr A Credobus \u00f6sszek\u00f6t minket. A Credobus a magyar Kravtex-K\u00fchne Csoport m\u00e1rk\u00e1ja. Mosonmagyar\u00f3v\u00e1ron \u00e9s Gy\u0151rben 1999 \u00f3ta gy\u00e1rtjuk Magyarorsz\u00e1g legn\u00e9pszer\u0171bb aut\u00f3busz [&hellip;]","og_url":"https:\/\/credobus.hu\/en\/","og_site_name":"Credobus\u2122","article_publisher":"https:\/\/www.facebook.com\/credobus","article_modified_time":"2025-10-18T04:07:15+00:00","og_image":[{"url":"https:\/\/credobus.hu\/wp-content\/uploads\/2025\/09\/mobil-hatter-4-scaled.jpg","type":"","width":"","height":""}],"twitter_card":"summary_large_image","twitter_misc":{"Estimated reading time":"4 minutes"},"schema":{"@context":"https:\/\/schema.org","@graph":[{"@type":"WebPage","@id":"https:\/\/credobus.hu\/","url":"https:\/\/credobus.hu\/","name":"A Credobus \u00f6sszek\u00f6t minket. - Credobus\u2122","isPartOf":{"@id":"https:\/\/credobus.hu\/en\/#website"},"primaryImageOfPage":{"@id":"https:\/\/credobus.hu\/#primaryimage"},"image":{"@id":"https:\/\/credobus.hu\/#primaryimage"},"thumbnailUrl":"https:\/\/credobus.hu\/wp-content\/uploads\/2025\/09\/mobil-hatter-4-scaled.jpg","datePublished":"2022-02-22T11:57:35+00:00","dateModified":"2025-10-18T04:07:15+00:00","breadcrumb":{"@id":"https:\/\/credobus.hu\/#breadcrumb"},"inLanguage":"en-GB","potentialAction":[{"@type":"ReadAction","target":["https:\/\/credobus.hu\/"]}]},{"@type":"ImageObject","inLanguage":"en-GB","@id":"https:\/\/credobus.hu\/#primaryimage","url":"https:\/\/credobus.hu\/wp-content\/uploads\/2025\/09\/mobil-hatter-4-scaled.jpg","contentUrl":"https:\/\/credobus.hu\/wp-content\/uploads\/2025\/09\/mobil-hatter-4-scaled.jpg"},{"@type":"BreadcrumbList","@id":"https:\/\/credobus.hu\/#breadcrumb","itemListElement":[{"@type":"ListItem","position":1,"name":"Kezd\u0151lap","item":"https:\/\/credobus.hu\/"},{"@type":"ListItem","position":2,"name":"A Credobus \u00f6sszek\u00f6t minket."}]},{"@type":"WebSite","@id":"https:\/\/credobus.hu\/en\/#website","url":"https:\/\/credobus.hu\/en\/","name":"Credobus\u2122","description":"Credobus connects us.","publisher":{"@id":"https:\/\/credobus.hu\/en\/#organization"},"potentialAction":[{"@type":"SearchAction","target":{"@type":"EntryPoint","urlTemplate":"https:\/\/credobus.hu\/en\/?s={search_term_string}"},"query-input":{"@type":"PropertyValueSpecification","valueRequired":true,"valueName":"search_term_string"}}],"inLanguage":"en-GB"},{"@type":"Organization","@id":"https:\/\/credobus.hu\/en\/#organization","name":"Kravtex-K\u00fchne Group","url":"https:\/\/credobus.hu\/en\/","logo":{"@type":"ImageObject","inLanguage":"en-GB","@id":"https:\/\/credobus.hu\/en\/#\/schema\/logo\/image\/","url":"https:\/\/credobus.hu\/wp-content\/uploads\/2023\/03\/2021-06-15.png","contentUrl":"https:\/\/credobus.hu\/wp-content\/uploads\/2023\/03\/2021-06-15.png","width":1154,"height":354,"caption":"Kravtex-K\u00fchne Csoport"},"image":{"@id":"https:\/\/credobus.hu\/en\/#\/schema\/logo\/image\/"},"sameAs":["https:\/\/www.facebook.com\/credobus","https:\/\/www.instagram.com\/credobus\/"]}]}},"_links":{"self":[{"href":"https:\/\/credobus.hu\/en\/wp-json\/wp\/v2\/pages\/1200","targetHints":{"allow":["GET"]}}],"collection":[{"href":"https:\/\/credobus.hu\/en\/wp-json\/wp\/v2\/pages"}],"about":[{"href":"https:\/\/credobus.hu\/en\/wp-json\/wp\/v2\/types\/page"}],"author":[{"embeddable":true,"href":"https:\/\/credobus.hu\/en\/wp-json\/wp\/v2\/users\/1"}],"replies":[{"embeddable":true,"href":"https:\/\/credobus.hu\/en\/wp-json\/wp\/v2\/comments?post=1200"}],"version-history":[{"count":196,"href":"https:\/\/credobus.hu\/en\/wp-json\/wp\/v2\/pages\/1200\/revisions"}],"predecessor-version":[{"id":4378,"href":"https:\/\/credobus.hu\/en\/wp-json\/wp\/v2\/pages\/1200\/revisions\/4378"}],"wp:attachment":[{"href":"https:\/\/credobus.hu\/en\/wp-json\/wp\/v2\/media?parent=1200"}],"curies":[{"name":"wp","href":"https:\/\/api.w.org\/{rel}","templated":true}]}}