{"id":1587,"date":"2022-05-04T11:53:26","date_gmt":"2022-05-04T11:53:26","guid":{"rendered":"https:\/\/credobus.hu\/next\/?page_id=1587"},"modified":"2025-06-17T07:19:19","modified_gmt":"2025-06-17T05:19:19","slug":"media","status":"publish","type":"page","link":"https:\/\/credobus.hu\/en\/media\/","title":{"rendered":"Media (HU)"},"content":{"rendered":"<h1>Media (HU)<\/h1>\n<h2>Lehet egy k\u00e9rd\u00e9ssel t\u00f6bb.<\/h2>\n<p>Amennyiben tov\u00e1bbi inform\u00e1ci\u00f3ra lenne sz\u00fcks\u00e9ge, k\u00e9rj\u00fck, vegye fel vel\u00fcnk a kapcsolatot a credobus@credobus.hu e-mail c\u00edmen.<\/p>\n\t\t\t<a href=\"mailto:credobus@credobus.hu\" target=\"_blank\" rel=\"noopener\">\n\t\t\t\t\t\t\tE-mail\n\t\t\t\t\t<\/a>","protected":false},"excerpt":{"rendered":"<p>M\u00e9dia Lehet egy k\u00e9rd\u00e9ssel t\u00f6bb. Amennyiben tov\u00e1bbi inform\u00e1ci\u00f3ra lenne sz\u00fcks\u00e9ge, k\u00e9rj\u00fck, vegye fel vel\u00fcnk a kapcsolatot a credobus@credobus.hu e-mail c\u00edmen. E-mail<\/p>","protected":false},"author":1,"featured_media":0,"parent":0,"menu_order":0,"comment_status":"closed","ping_status":"closed","template":"","meta":{"_monsterinsights_skip_tracking":false,"_monsterinsights_sitenote_active":false,"_monsterinsights_sitenote_note":"","_monsterinsights_sitenote_category":0,"site-sidebar-layout":"default","site-content-layout":"default","ast-site-content-layout":"default","site-content-style":"default","site-sidebar-style":"default","ast-global-header-display":"","ast-banner-title-visibility":"","ast-main-header-display":"","ast-hfb-above-header-display":"","ast-hfb-below-header-display":"disabled","ast-hfb-mobile-header-display":"","site-post-title":"disabled","ast-breadcrumbs-content":"","ast-featured-img":"","footer-sml-layout":"","theme-transparent-header-meta":"disabled","adv-header-id-meta":"","stick-header-meta":"enabled","header-above-stick-meta":"","header-main-stick-meta":"on","header-below-stick-meta":"","astra-migrate-meta-layouts":"default","ast-page-background-enabled":"default","ast-page-background-meta":{"desktop":{"background-color":"var(--ast-global-color-4)","background-image":"","background-repeat":"repeat","background-position":"center center","background-size":"auto","background-attachment":"scroll","background-type":"","background-media":"","overlay-type":"","overlay-color":"","overlay-opacity":"","overlay-gradient":""},"tablet":{"background-color":"","background-image":"","background-repeat":"repeat","background-position":"center center","background-size":"auto","background-attachment":"scroll","background-type":"","background-media":"","overlay-type":"","overlay-color":"","overlay-opacity":"","overlay-gradient":""},"mobile":{"background-color":"","background-image":"","background-repeat":"repeat","background-position":"center center","background-size":"auto","background-attachment":"scroll","background-type":"","background-media":"","overlay-type":"","overlay-color":"","overlay-opacity":"","overlay-gradient":""}},"ast-content-background-meta":{"desktop":{"background-color":"var(--ast-global-color-5)","background-image":"","background-repeat":"repeat","background-position":"center center","background-size":"auto","background-attachment":"scroll","background-type":"","background-media":"","overlay-type":"","overlay-color":"","overlay-opacity":"","overlay-gradient":""},"tablet":{"background-color":"var(--ast-global-color-5)","background-image":"","background-repeat":"repeat","background-position":"center center","background-size":"auto","background-attachment":"scroll","background-type":"","background-media":"","overlay-type":"","overlay-color":"","overlay-opacity":"","overlay-gradient":""},"mobile":{"background-color":"var(--ast-global-color-5)","background-image":"","background-repeat":"repeat","background-position":"center center","background-size":"auto","background-attachment":"scroll","background-type":"","background-media":"","overlay-type":"","overlay-color":"","overlay-opacity":"","overlay-gradient":""}},"footnotes":""},"class_list":["post-1587","page","type-page","status-publish","hentry"],"yoast_head":"<!-- This site is optimized with the Yoast SEO plugin v25.3.1 - https:\/\/yoast.com\/wordpress\/plugins\/seo\/ -->\n<title>M\u00e9dia - Credobus\u2122<\/title>\n<meta name=\"robots\" content=\"index, follow, max-snippet:-1, max-image-preview:large, max-video-preview:-1\" \/>\n<link rel=\"canonical\" href=\"https:\/\/credobus.hu\/en\/media\/\" \/>\n<meta property=\"og:locale\" content=\"en_GB\" \/>\n<meta property=\"og:type\" content=\"article\" \/>\n<meta property=\"og:title\" content=\"M\u00e9dia - Credobus\u2122\" \/>\n<meta property=\"og:description\" content=\"M\u00e9dia Lehet egy k\u00e9rd\u00e9ssel t\u00f6bb. Amennyiben tov\u00e1bbi inform\u00e1ci\u00f3ra lenne sz\u00fcks\u00e9ge, k\u00e9rj\u00fck, vegye fel vel\u00fcnk a kapcsolatot a credobus@credobus.hu e-mail c\u00edmen. E-mail\" \/>\n<meta property=\"og:url\" content=\"https:\/\/credobus.hu\/en\/media\/\" \/>\n<meta property=\"og:site_name\" content=\"Credobus\u2122\" \/>\n<meta property=\"article:publisher\" content=\"https:\/\/www.facebook.com\/credobus\" \/>\n<meta property=\"article:modified_time\" content=\"2025-06-17T05:19:19+00:00\" \/>\n<meta name=\"twitter:card\" content=\"summary_large_image\" \/>\n<script type=\"application\/ld+json\" class=\"yoast-schema-graph\">{\"@context\":\"https:\/\/schema.org\",\"@graph\":[{\"@type\":\"WebPage\",\"@id\":\"https:\/\/credobus.hu\/media\/\",\"url\":\"https:\/\/credobus.hu\/media\/\",\"name\":\"M\u00e9dia - Credobus\u2122\",\"isPartOf\":{\"@id\":\"https:\/\/credobus.hu\/en\/#website\"},\"datePublished\":\"2022-05-04T11:53:26+00:00\",\"dateModified\":\"2025-06-17T05:19:19+00:00\",\"breadcrumb\":{\"@id\":\"https:\/\/credobus.hu\/media\/#breadcrumb\"},\"inLanguage\":\"en-GB\",\"potentialAction\":[{\"@type\":\"ReadAction\",\"target\":[\"https:\/\/credobus.hu\/media\/\"]}]},{\"@type\":\"BreadcrumbList\",\"@id\":\"https:\/\/credobus.hu\/media\/#breadcrumb\",\"itemListElement\":[{\"@type\":\"ListItem\",\"position\":1,\"name\":\"Kezd\u0151lap\",\"item\":\"https:\/\/credobus.hu\/\"},{\"@type\":\"ListItem\",\"position\":2,\"name\":\"M\u00e9dia\"}]},{\"@type\":\"WebSite\",\"@id\":\"https:\/\/credobus.hu\/en\/#website\",\"url\":\"https:\/\/credobus.hu\/en\/\",\"name\":\"Credobus\u2122\",\"description\":\"A Credobus \u00f6sszek\u00f6t minket.\",\"publisher\":{\"@id\":\"https:\/\/credobus.hu\/en\/#organization\"},\"potentialAction\":[{\"@type\":\"SearchAction\",\"target\":{\"@type\":\"EntryPoint\",\"urlTemplate\":\"https:\/\/credobus.hu\/en\/?s={search_term_string}\"},\"query-input\":{\"@type\":\"PropertyValueSpecification\",\"valueRequired\":true,\"valueName\":\"search_term_string\"}}],\"inLanguage\":\"en-GB\"},{\"@type\":\"Organization\",\"@id\":\"https:\/\/credobus.hu\/en\/#organization\",\"name\":\"Kravtex-K\u00fchne Csoport\",\"url\":\"https:\/\/credobus.hu\/en\/\",\"logo\":{\"@type\":\"ImageObject\",\"inLanguage\":\"en-GB\",\"@id\":\"https:\/\/credobus.hu\/en\/#\/schema\/logo\/image\/\",\"url\":\"https:\/\/credobus.hu\/wp-content\/uploads\/2023\/03\/2021-06-15.png\",\"contentUrl\":\"https:\/\/credobus.hu\/wp-content\/uploads\/2023\/03\/2021-06-15.png\",\"width\":1154,\"height\":354,\"caption\":\"Kravtex-K\u00fchne Csoport\"},\"image\":{\"@id\":\"https:\/\/credobus.hu\/en\/#\/schema\/logo\/image\/\"},\"sameAs\":[\"https:\/\/www.facebook.com\/credobus\",\"https:\/\/www.instagram.com\/credobus\/\"]}]}<\/script>\n<!-- \/ Yoast SEO plugin. -->","yoast_head_json":{"title":"M\u00e9dia - Credobus\u2122","robots":{"index":"index","follow":"follow","max-snippet":"max-snippet:-1","max-image-preview":"max-image-preview:large","max-video-preview":"max-video-preview:-1"},"canonical":"https:\/\/credobus.hu\/en\/media\/","og_locale":"en_GB","og_type":"article","og_title":"M\u00e9dia - Credobus\u2122","og_description":"M\u00e9dia Lehet egy k\u00e9rd\u00e9ssel t\u00f6bb. Amennyiben tov\u00e1bbi inform\u00e1ci\u00f3ra lenne sz\u00fcks\u00e9ge, k\u00e9rj\u00fck, vegye fel vel\u00fcnk a kapcsolatot a credobus@credobus.hu e-mail c\u00edmen. E-mail","og_url":"https:\/\/credobus.hu\/en\/media\/","og_site_name":"Credobus\u2122","article_publisher":"https:\/\/www.facebook.com\/credobus","article_modified_time":"2025-06-17T05:19:19+00:00","twitter_card":"summary_large_image","schema":{"@context":"https:\/\/schema.org","@graph":[{"@type":"WebPage","@id":"https:\/\/credobus.hu\/media\/","url":"https:\/\/credobus.hu\/media\/","name":"M\u00e9dia - Credobus\u2122","isPartOf":{"@id":"https:\/\/credobus.hu\/en\/#website"},"datePublished":"2022-05-04T11:53:26+00:00","dateModified":"2025-06-17T05:19:19+00:00","breadcrumb":{"@id":"https:\/\/credobus.hu\/media\/#breadcrumb"},"inLanguage":"en-GB","potentialAction":[{"@type":"ReadAction","target":["https:\/\/credobus.hu\/media\/"]}]},{"@type":"BreadcrumbList","@id":"https:\/\/credobus.hu\/media\/#breadcrumb","itemListElement":[{"@type":"ListItem","position":1,"name":"Kezd\u0151lap","item":"https:\/\/credobus.hu\/"},{"@type":"ListItem","position":2,"name":"M\u00e9dia"}]},{"@type":"WebSite","@id":"https:\/\/credobus.hu\/en\/#website","url":"https:\/\/credobus.hu\/en\/","name":"Credobus\u2122","description":"Credobus connects us.","publisher":{"@id":"https:\/\/credobus.hu\/en\/#organization"},"potentialAction":[{"@type":"SearchAction","target":{"@type":"EntryPoint","urlTemplate":"https:\/\/credobus.hu\/en\/?s={search_term_string}"},"query-input":{"@type":"PropertyValueSpecification","valueRequired":true,"valueName":"search_term_string"}}],"inLanguage":"en-GB"},{"@type":"Organization","@id":"https:\/\/credobus.hu\/en\/#organization","name":"Kravtex-K\u00fchne Group","url":"https:\/\/credobus.hu\/en\/","logo":{"@type":"ImageObject","inLanguage":"en-GB","@id":"https:\/\/credobus.hu\/en\/#\/schema\/logo\/image\/","url":"https:\/\/credobus.hu\/wp-content\/uploads\/2023\/03\/2021-06-15.png","contentUrl":"https:\/\/credobus.hu\/wp-content\/uploads\/2023\/03\/2021-06-15.png","width":1154,"height":354,"caption":"Kravtex-K\u00fchne Csoport"},"image":{"@id":"https:\/\/credobus.hu\/en\/#\/schema\/logo\/image\/"},"sameAs":["https:\/\/www.facebook.com\/credobus","https:\/\/www.instagram.com\/credobus\/"]}]}},"_links":{"self":[{"href":"https:\/\/credobus.hu\/en\/wp-json\/wp\/v2\/pages\/1587","targetHints":{"allow":["GET"]}}],"collection":[{"href":"https:\/\/credobus.hu\/en\/wp-json\/wp\/v2\/pages"}],"about":[{"href":"https:\/\/credobus.hu\/en\/wp-json\/wp\/v2\/types\/page"}],"author":[{"embeddable":true,"href":"https:\/\/credobus.hu\/en\/wp-json\/wp\/v2\/users\/1"}],"replies":[{"embeddable":true,"href":"https:\/\/credobus.hu\/en\/wp-json\/wp\/v2\/comments?post=1587"}],"version-history":[{"count":12,"href":"https:\/\/credobus.hu\/en\/wp-json\/wp\/v2\/pages\/1587\/revisions"}],"predecessor-version":[{"id":3465,"href":"https:\/\/credobus.hu\/en\/wp-json\/wp\/v2\/pages\/1587\/revisions\/3465"}],"wp:attachment":[{"href":"https:\/\/credobus.hu\/en\/wp-json\/wp\/v2\/media?parent=1587"}],"curies":[{"name":"wp","href":"https:\/\/api.w.org\/{rel}","templated":true}]}}