{"id":1627,"date":"2022-05-05T07:13:43","date_gmt":"2022-05-05T07:13:43","guid":{"rendered":"https:\/\/credobus.hu\/next\/?page_id=1627"},"modified":"2023-02-08T13:21:02","modified_gmt":"2023-02-08T12:21:02","slug":"tarsadalmi-szerepvallalas","status":"publish","type":"page","link":"https:\/\/credobus.hu\/en\/tarsadalmi-szerepvallalas\/","title":{"rendered":"Social responsibility"},"content":{"rendered":"<h1>Social<br \/>\nresponsibility<\/h1>\n<h2>We act according to values.<\/h2>\n<p>We are proud that, as a 100 % Hungarian-owned company, we are able to significantly and actively support local causes that we believe in and that make our county and Hungary a better place day by day.<\/p>\n\t<h1>Responsible employment<\/h1>\n<p>We sincerely believe that we can achieve the biggest changes by being a responsible employer. That's why we provide more than 500 employees and their families not only a financial security, but also the possibility of personal progress and continuous development.<\/p>\n\t\t\t\t<img decoding=\"async\" src=\"https:\/\/credobus.hu\/next\/wp-content\/uploads\/2022\/04\/DSC_2004-1-scaled.jpg\" alt=\"DSC_2004\" itemprop=\"image\" title=\"DSC_2004\" onerror=\"this.style.display='none'\"  \/>\n\t<h1>Social involvement<\/h1>\n<p>We pay attention to our social environment and identify with the challenges of those institutions and initiatives that work for equal opportunities. For this reason, we are committed to supporting, among others, the B\u00e1rczi Guszt\u00e1v Special Education Institute and Children's Home in Gy\u0151r, which does respectable and particularly effective work in the field of development and integration of disabled children.<\/p>\n\t\t\t<a href=\"https:\/\/barczi-gyor.edu.hu\/\" target=\"_blank\" role=\"button\" rel=\"noopener\">\n\t\t\t\t\t\t\tSupport\n\t\t\t\t\t<\/a>\n\t\t\t\t<img decoding=\"async\" src=\"https:\/\/credobus.hu\/next\/wp-content\/uploads\/2022\/05\/plussmacko-2-s.jpg\" alt=\"plussmacko-2-s\" itemprop=\"image\" title=\"plussmacko-2-s\" onerror=\"this.style.display='none'\"  \/>\n\t<h1>Industrial value preservation<\/h1>\n<p>In the K\u00fchne Museum in Mosonmagyar\u00f3v\u00e1r, we have created a unique factory history collection, which covers all stages of our more than a century and a half history. The original agricultural machines, the self-made, functional gasoline engine and the popular UNIO bicycle instantly bring the special atmosphere of the patina machine factory to life for the visitors from 1856 to the present day.<\/p>\n\t\t\t\t<img decoding=\"async\" src=\"https:\/\/credobus.hu\/next\/wp-content\/uploads\/2022\/05\/DSC0296-scaled.jpg\" alt=\"_DSC0296\" itemprop=\"image\" title=\"_DSC0296\" onerror=\"this.style.display='none'\"  \/>\n\t<h1>Sports education<\/h1>\n<p>Since September 2016, Credobus has been the title sponsor of the Mosonmagyar\u00f3v\u00e1r football team MTE. The club's support indirectly contributes to the motivation, sports and health education of around 500 young people in the area, and expresses our commitment to the city of Mosonmagyar\u00f3v\u00e1r and the local community.<\/p>\n\t\t\t<a href=\"http:\/\/www.mte1904.hu\/\" target=\"_blank\" role=\"button\" rel=\"noopener\">\n\t\t\t\t\t\t\tCheering\n\t\t\t\t\t<\/a>\n\t\t\t\t<img decoding=\"async\" src=\"https:\/\/credobus.hu\/next\/wp-content\/uploads\/2022\/05\/foci.jpg\" alt=\"foci\" itemprop=\"image\" title=\"foci\" onerror=\"this.style.display='none'\"  \/>\n\t<h1>Culture<\/h1>\n<p>Rooted in the K\u00fchne machine factory, the K\u00fchne Concert Band is a cultural project that connects generations and forms an inseparable part of the community life of Mosonmagyar\u00f3v\u00e1r. The ensemble, founded in 1949, appeals to young generations of musicians particularly successfully, and its survival is therefore ensured in the long term.<\/p>\n\t\t\t<a href=\"http:\/\/www.kuhnezenekar.hu\/\" target=\"_blank\" role=\"button\" rel=\"noopener\">\n\t\t\t\t\t\t\tLet's hear\n\t\t\t\t\t<\/a>\n\t\t\t\t<img decoding=\"async\" src=\"https:\/\/credobus.hu\/next\/wp-content\/uploads\/2022\/05\/tort-masolat.jpg\" alt=\"tort m\u00e1solat\" itemprop=\"image\" title=\"tort m\u00e1solat\" onerror=\"this.style.display='none'\"  \/>","protected":false},"excerpt":{"rendered":"<p>T\u00e1rsadalmi szerepv\u00e1llal\u00e1s \u00c9rt\u00e9kek ment\u00e9n cseleksz\u00fcnk. B\u00fcszk\u00e9k vagyunk r\u00e1, hogy 100 %-ban magyar tulajdon\u00fa v\u00e1llalatk\u00e9nt k\u00e9pesek vagyunk jelent\u0151s m\u00e9rt\u00e9kben \u00e9s tev\u0151legesen t\u00e1mogatni olyan helyi \u00fcgyeket, melyekben hisz\u00fcnk, \u00e9s amelyek napr\u00f3l napra jobb helly\u00e9 teszik Gy\u0151r-Moson-Sopron megy\u00e9t \u00e9s Magyarorsz\u00e1got. Felel\u0151s foglalkoztat\u00e1s \u0150szint\u00e9n hisz\u00fcnk benne, hogy a legnagyobb v\u00e1ltoz\u00e1sokat \u00fagy tudjuk el\u00e9rni, hogy felel\u0151s munk\u00e1ltat\u00f3i magatart\u00e1st tan\u00fas\u00edtunk. Ez\u00e9rt [&hellip;]<\/p>\n","protected":false},"author":1,"featured_media":0,"parent":0,"menu_order":0,"comment_status":"closed","ping_status":"closed","template":"","meta":{"_monsterinsights_skip_tracking":false,"_monsterinsights_sitenote_active":false,"_monsterinsights_sitenote_note":"","_monsterinsights_sitenote_category":0,"site-sidebar-layout":"default","site-content-layout":"default","ast-site-content-layout":"default","site-content-style":"default","site-sidebar-style":"default","ast-global-header-display":"","ast-banner-title-visibility":"","ast-main-header-display":"","ast-hfb-above-header-display":"","ast-hfb-below-header-display":"disabled","ast-hfb-mobile-header-display":"","site-post-title":"disabled","ast-breadcrumbs-content":"","ast-featured-img":"","footer-sml-layout":"","theme-transparent-header-meta":"disabled","adv-header-id-meta":"","stick-header-meta":"enabled","header-above-stick-meta":"","header-main-stick-meta":"on","header-below-stick-meta":"","astra-migrate-meta-layouts":"default","ast-page-background-enabled":"default","ast-page-background-meta":{"desktop":{"background-color":"var(--ast-global-color-4)","background-image":"","background-repeat":"repeat","background-position":"center center","background-size":"auto","background-attachment":"scroll","background-type":"","background-media":"","overlay-type":"","overlay-color":"","overlay-opacity":"","overlay-gradient":""},"tablet":{"background-color":"","background-image":"","background-repeat":"repeat","background-position":"center center","background-size":"auto","background-attachment":"scroll","background-type":"","background-media":"","overlay-type":"","overlay-color":"","overlay-opacity":"","overlay-gradient":""},"mobile":{"background-color":"","background-image":"","background-repeat":"repeat","background-position":"center center","background-size":"auto","background-attachment":"scroll","background-type":"","background-media":"","overlay-type":"","overlay-color":"","overlay-opacity":"","overlay-gradient":""}},"ast-content-background-meta":{"desktop":{"background-color":"var(--ast-global-color-5)","background-image":"","background-repeat":"repeat","background-position":"center center","background-size":"auto","background-attachment":"scroll","background-type":"","background-media":"","overlay-type":"","overlay-color":"","overlay-opacity":"","overlay-gradient":""},"tablet":{"background-color":"var(--ast-global-color-5)","background-image":"","background-repeat":"repeat","background-position":"center center","background-size":"auto","background-attachment":"scroll","background-type":"","background-media":"","overlay-type":"","overlay-color":"","overlay-opacity":"","overlay-gradient":""},"mobile":{"background-color":"var(--ast-global-color-5)","background-image":"","background-repeat":"repeat","background-position":"center center","background-size":"auto","background-attachment":"scroll","background-type":"","background-media":"","overlay-type":"","overlay-color":"","overlay-opacity":"","overlay-gradient":""}},"footnotes":""},"class_list":["post-1627","page","type-page","status-publish","hentry"],"yoast_head":"<!-- This site is optimized with the Yoast SEO plugin v25.3.1 - https:\/\/yoast.com\/wordpress\/plugins\/seo\/ -->\n<title>T\u00e1rsadalmi szerepv\u00e1llal\u00e1s - Credobus\u2122<\/title>\n<meta name=\"robots\" content=\"index, follow, max-snippet:-1, max-image-preview:large, max-video-preview:-1\" \/>\n<link rel=\"canonical\" href=\"https:\/\/credobus.hu\/en\/tarsadalmi-szerepvallalas\/\" \/>\n<meta property=\"og:locale\" content=\"en_GB\" \/>\n<meta property=\"og:type\" content=\"article\" \/>\n<meta property=\"og:title\" content=\"T\u00e1rsadalmi szerepv\u00e1llal\u00e1s - Credobus\u2122\" \/>\n<meta property=\"og:description\" content=\"T\u00e1rsadalmi szerepv\u00e1llal\u00e1s \u00c9rt\u00e9kek ment\u00e9n cseleksz\u00fcnk. B\u00fcszk\u00e9k vagyunk r\u00e1, hogy 100 %-ban magyar tulajdon\u00fa v\u00e1llalatk\u00e9nt k\u00e9pesek vagyunk jelent\u0151s m\u00e9rt\u00e9kben \u00e9s tev\u0151legesen t\u00e1mogatni olyan helyi \u00fcgyeket, melyekben hisz\u00fcnk, \u00e9s amelyek napr\u00f3l napra jobb helly\u00e9 teszik Gy\u0151r-Moson-Sopron megy\u00e9t \u00e9s Magyarorsz\u00e1got. Felel\u0151s foglalkoztat\u00e1s \u0150szint\u00e9n hisz\u00fcnk benne, hogy a legnagyobb v\u00e1ltoz\u00e1sokat \u00fagy tudjuk el\u00e9rni, hogy felel\u0151s munk\u00e1ltat\u00f3i magatart\u00e1st tan\u00fas\u00edtunk. Ez\u00e9rt [&hellip;]\" \/>\n<meta property=\"og:url\" content=\"https:\/\/credobus.hu\/en\/tarsadalmi-szerepvallalas\/\" \/>\n<meta property=\"og:site_name\" content=\"Credobus\u2122\" \/>\n<meta property=\"article:publisher\" content=\"https:\/\/www.facebook.com\/credobus\" \/>\n<meta property=\"article:modified_time\" content=\"2023-02-08T12:21:02+00:00\" \/>\n<meta property=\"og:image\" content=\"https:\/\/credobus.hu\/next\/wp-content\/uploads\/2022\/04\/DSC_2004-1-scaled.jpg\" \/>\n<meta name=\"twitter:card\" content=\"summary_large_image\" \/>\n<meta name=\"twitter:label1\" content=\"Estimated reading time\" \/>\n\t<meta name=\"twitter:data1\" content=\"2 minutes\" \/>\n<script type=\"application\/ld+json\" class=\"yoast-schema-graph\">{\"@context\":\"https:\/\/schema.org\",\"@graph\":[{\"@type\":\"WebPage\",\"@id\":\"https:\/\/credobus.hu\/tarsadalmi-szerepvallalas\/\",\"url\":\"https:\/\/credobus.hu\/tarsadalmi-szerepvallalas\/\",\"name\":\"T\u00e1rsadalmi szerepv\u00e1llal\u00e1s - Credobus\u2122\",\"isPartOf\":{\"@id\":\"https:\/\/credobus.hu\/en\/#website\"},\"primaryImageOfPage\":{\"@id\":\"https:\/\/credobus.hu\/tarsadalmi-szerepvallalas\/#primaryimage\"},\"image\":{\"@id\":\"https:\/\/credobus.hu\/tarsadalmi-szerepvallalas\/#primaryimage\"},\"thumbnailUrl\":\"https:\/\/credobus.hu\/next\/wp-content\/uploads\/2022\/04\/DSC_2004-1-scaled.jpg\",\"datePublished\":\"2022-05-05T07:13:43+00:00\",\"dateModified\":\"2023-02-08T12:21:02+00:00\",\"breadcrumb\":{\"@id\":\"https:\/\/credobus.hu\/tarsadalmi-szerepvallalas\/#breadcrumb\"},\"inLanguage\":\"en-GB\",\"potentialAction\":[{\"@type\":\"ReadAction\",\"target\":[\"https:\/\/credobus.hu\/tarsadalmi-szerepvallalas\/\"]}]},{\"@type\":\"ImageObject\",\"inLanguage\":\"en-GB\",\"@id\":\"https:\/\/credobus.hu\/tarsadalmi-szerepvallalas\/#primaryimage\",\"url\":\"https:\/\/credobus.hu\/next\/wp-content\/uploads\/2022\/04\/DSC_2004-1-scaled.jpg\",\"contentUrl\":\"https:\/\/credobus.hu\/next\/wp-content\/uploads\/2022\/04\/DSC_2004-1-scaled.jpg\"},{\"@type\":\"BreadcrumbList\",\"@id\":\"https:\/\/credobus.hu\/tarsadalmi-szerepvallalas\/#breadcrumb\",\"itemListElement\":[{\"@type\":\"ListItem\",\"position\":1,\"name\":\"Kezd\u0151lap\",\"item\":\"https:\/\/credobus.hu\/\"},{\"@type\":\"ListItem\",\"position\":2,\"name\":\"T\u00e1rsadalmi szerepv\u00e1llal\u00e1s\"}]},{\"@type\":\"WebSite\",\"@id\":\"https:\/\/credobus.hu\/en\/#website\",\"url\":\"https:\/\/credobus.hu\/en\/\",\"name\":\"Credobus\u2122\",\"description\":\"A Credobus \u00f6sszek\u00f6t minket.\",\"publisher\":{\"@id\":\"https:\/\/credobus.hu\/en\/#organization\"},\"potentialAction\":[{\"@type\":\"SearchAction\",\"target\":{\"@type\":\"EntryPoint\",\"urlTemplate\":\"https:\/\/credobus.hu\/en\/?s={search_term_string}\"},\"query-input\":{\"@type\":\"PropertyValueSpecification\",\"valueRequired\":true,\"valueName\":\"search_term_string\"}}],\"inLanguage\":\"en-GB\"},{\"@type\":\"Organization\",\"@id\":\"https:\/\/credobus.hu\/en\/#organization\",\"name\":\"Kravtex-K\u00fchne Csoport\",\"url\":\"https:\/\/credobus.hu\/en\/\",\"logo\":{\"@type\":\"ImageObject\",\"inLanguage\":\"en-GB\",\"@id\":\"https:\/\/credobus.hu\/en\/#\/schema\/logo\/image\/\",\"url\":\"https:\/\/credobus.hu\/wp-content\/uploads\/2023\/03\/2021-06-15.png\",\"contentUrl\":\"https:\/\/credobus.hu\/wp-content\/uploads\/2023\/03\/2021-06-15.png\",\"width\":1154,\"height\":354,\"caption\":\"Kravtex-K\u00fchne Csoport\"},\"image\":{\"@id\":\"https:\/\/credobus.hu\/en\/#\/schema\/logo\/image\/\"},\"sameAs\":[\"https:\/\/www.facebook.com\/credobus\",\"https:\/\/www.instagram.com\/credobus\/\"]}]}<\/script>\n<!-- \/ Yoast SEO plugin. -->","yoast_head_json":{"title":"T\u00e1rsadalmi szerepv\u00e1llal\u00e1s - Credobus\u2122","robots":{"index":"index","follow":"follow","max-snippet":"max-snippet:-1","max-image-preview":"max-image-preview:large","max-video-preview":"max-video-preview:-1"},"canonical":"https:\/\/credobus.hu\/en\/tarsadalmi-szerepvallalas\/","og_locale":"en_GB","og_type":"article","og_title":"T\u00e1rsadalmi szerepv\u00e1llal\u00e1s - Credobus\u2122","og_description":"T\u00e1rsadalmi szerepv\u00e1llal\u00e1s \u00c9rt\u00e9kek ment\u00e9n cseleksz\u00fcnk. B\u00fcszk\u00e9k vagyunk r\u00e1, hogy 100 %-ban magyar tulajdon\u00fa v\u00e1llalatk\u00e9nt k\u00e9pesek vagyunk jelent\u0151s m\u00e9rt\u00e9kben \u00e9s tev\u0151legesen t\u00e1mogatni olyan helyi \u00fcgyeket, melyekben hisz\u00fcnk, \u00e9s amelyek napr\u00f3l napra jobb helly\u00e9 teszik Gy\u0151r-Moson-Sopron megy\u00e9t \u00e9s Magyarorsz\u00e1got. Felel\u0151s foglalkoztat\u00e1s \u0150szint\u00e9n hisz\u00fcnk benne, hogy a legnagyobb v\u00e1ltoz\u00e1sokat \u00fagy tudjuk el\u00e9rni, hogy felel\u0151s munk\u00e1ltat\u00f3i magatart\u00e1st tan\u00fas\u00edtunk. Ez\u00e9rt [&hellip;]","og_url":"https:\/\/credobus.hu\/en\/tarsadalmi-szerepvallalas\/","og_site_name":"Credobus\u2122","article_publisher":"https:\/\/www.facebook.com\/credobus","article_modified_time":"2023-02-08T12:21:02+00:00","og_image":[{"url":"https:\/\/credobus.hu\/next\/wp-content\/uploads\/2022\/04\/DSC_2004-1-scaled.jpg","type":"","width":"","height":""}],"twitter_card":"summary_large_image","twitter_misc":{"Estimated reading time":"2 minutes"},"schema":{"@context":"https:\/\/schema.org","@graph":[{"@type":"WebPage","@id":"https:\/\/credobus.hu\/tarsadalmi-szerepvallalas\/","url":"https:\/\/credobus.hu\/tarsadalmi-szerepvallalas\/","name":"T\u00e1rsadalmi szerepv\u00e1llal\u00e1s - Credobus\u2122","isPartOf":{"@id":"https:\/\/credobus.hu\/en\/#website"},"primaryImageOfPage":{"@id":"https:\/\/credobus.hu\/tarsadalmi-szerepvallalas\/#primaryimage"},"image":{"@id":"https:\/\/credobus.hu\/tarsadalmi-szerepvallalas\/#primaryimage"},"thumbnailUrl":"https:\/\/credobus.hu\/next\/wp-content\/uploads\/2022\/04\/DSC_2004-1-scaled.jpg","datePublished":"2022-05-05T07:13:43+00:00","dateModified":"2023-02-08T12:21:02+00:00","breadcrumb":{"@id":"https:\/\/credobus.hu\/tarsadalmi-szerepvallalas\/#breadcrumb"},"inLanguage":"en-GB","potentialAction":[{"@type":"ReadAction","target":["https:\/\/credobus.hu\/tarsadalmi-szerepvallalas\/"]}]},{"@type":"ImageObject","inLanguage":"en-GB","@id":"https:\/\/credobus.hu\/tarsadalmi-szerepvallalas\/#primaryimage","url":"https:\/\/credobus.hu\/next\/wp-content\/uploads\/2022\/04\/DSC_2004-1-scaled.jpg","contentUrl":"https:\/\/credobus.hu\/next\/wp-content\/uploads\/2022\/04\/DSC_2004-1-scaled.jpg"},{"@type":"BreadcrumbList","@id":"https:\/\/credobus.hu\/tarsadalmi-szerepvallalas\/#breadcrumb","itemListElement":[{"@type":"ListItem","position":1,"name":"Kezd\u0151lap","item":"https:\/\/credobus.hu\/"},{"@type":"ListItem","position":2,"name":"T\u00e1rsadalmi szerepv\u00e1llal\u00e1s"}]},{"@type":"WebSite","@id":"https:\/\/credobus.hu\/en\/#website","url":"https:\/\/credobus.hu\/en\/","name":"Credobus\u2122","description":"Credobus connects us.","publisher":{"@id":"https:\/\/credobus.hu\/en\/#organization"},"potentialAction":[{"@type":"SearchAction","target":{"@type":"EntryPoint","urlTemplate":"https:\/\/credobus.hu\/en\/?s={search_term_string}"},"query-input":{"@type":"PropertyValueSpecification","valueRequired":true,"valueName":"search_term_string"}}],"inLanguage":"en-GB"},{"@type":"Organization","@id":"https:\/\/credobus.hu\/en\/#organization","name":"Kravtex-K\u00fchne Group","url":"https:\/\/credobus.hu\/en\/","logo":{"@type":"ImageObject","inLanguage":"en-GB","@id":"https:\/\/credobus.hu\/en\/#\/schema\/logo\/image\/","url":"https:\/\/credobus.hu\/wp-content\/uploads\/2023\/03\/2021-06-15.png","contentUrl":"https:\/\/credobus.hu\/wp-content\/uploads\/2023\/03\/2021-06-15.png","width":1154,"height":354,"caption":"Kravtex-K\u00fchne Csoport"},"image":{"@id":"https:\/\/credobus.hu\/en\/#\/schema\/logo\/image\/"},"sameAs":["https:\/\/www.facebook.com\/credobus","https:\/\/www.instagram.com\/credobus\/"]}]}},"_links":{"self":[{"href":"https:\/\/credobus.hu\/en\/wp-json\/wp\/v2\/pages\/1627","targetHints":{"allow":["GET"]}}],"collection":[{"href":"https:\/\/credobus.hu\/en\/wp-json\/wp\/v2\/pages"}],"about":[{"href":"https:\/\/credobus.hu\/en\/wp-json\/wp\/v2\/types\/page"}],"author":[{"embeddable":true,"href":"https:\/\/credobus.hu\/en\/wp-json\/wp\/v2\/users\/1"}],"replies":[{"embeddable":true,"href":"https:\/\/credobus.hu\/en\/wp-json\/wp\/v2\/comments?post=1627"}],"version-history":[{"count":9,"href":"https:\/\/credobus.hu\/en\/wp-json\/wp\/v2\/pages\/1627\/revisions"}],"predecessor-version":[{"id":2568,"href":"https:\/\/credobus.hu\/en\/wp-json\/wp\/v2\/pages\/1627\/revisions\/2568"}],"wp:attachment":[{"href":"https:\/\/credobus.hu\/en\/wp-json\/wp\/v2\/media?parent=1627"}],"curies":[{"name":"wp","href":"https:\/\/api.w.org\/{rel}","templated":true}]}}