{"id":1823,"date":"2022-05-12T12:34:14","date_gmt":"2022-05-12T12:34:14","guid":{"rendered":"https:\/\/credobus.hu\/next\/?page_id=1823"},"modified":"2025-07-21T16:09:45","modified_gmt":"2025-07-21T14:09:45","slug":"modellvalasztek","status":"publish","type":"page","link":"https:\/\/credobus.hu\/en\/modellvalasztek\/","title":{"rendered":"Models"},"content":{"rendered":"<h1>Models<\/h1>\n<h2>Ultralight buses for all needs<\/h2>\n<p>Credobus offers buses with essentially the same technical architecture, from city, suburban to regional categories, in 10, 12, 13 and 18 meter lengths. The Next family will also be available with a zero-emission drive option from 2025.<\/p>\n\t\t\t<a href=\"https:\/\/credobus.hu\/en\/archive\/autobuszok\/\" target=\"_blank\" rel=\"noopener\">\n\t\t\t\t\t\t\tPrevious models\n\t\t\t\t\t<\/a>\n\t\t\t\t<a href=\"https:\/\/credobus.hu\/en\/modellvalasztek\/econell-12-next\/\"  target=\"_self\" itemprop=\"url\">\n\t\t\t\t<img decoding=\"async\" src=\"https:\/\/credobus.hu\/wp-content\/uploads\/2022\/09\/22-09-30-12.jpg\" alt=\"22-09-30-12\" itemprop=\"image\" height=\"808\" width=\"856\" title=\"22-09-30-12\" onerror=\"this.style.display='none'\" loading=\"lazy\" \/>\n\t\t\t\t<\/a>\n<h1><a href=\"https:\/\/credobus.hu\/en\/modellvalasztek\/econell-12-next\/\" target=\"_self\">Econell 12 Next<\/a><\/h1><p>The new generation of the inimitably economical success model<\/p>\n\t\t\t<a href=\"https:\/\/credobus.hu\/en\/modellvalasztek\/econell-12-next\/\" target=\"_self\">\n\t\t\t\t\t\t\tContinue\n\t\t\t\t\t<\/a>\n\t\t\t\t<a href=\"https:\/\/credobus.hu\/en\/modellvalasztek\/econell-18-next\/\"  target=\"_self\" itemprop=\"url\">\n\t\t\t\t<img decoding=\"async\" src=\"https:\/\/credobus.hu\/wp-content\/uploads\/2022\/02\/2022-02-23.jpg\" alt=\"2022-02-23\" itemprop=\"image\" height=\"808\" width=\"856\" title=\"2022-02-23\" onerror=\"this.style.display='none'\" loading=\"lazy\" \/>\n\t\t\t\t<\/a>\n<h1><a href=\"https:\/\/credobus.hu\/en\/modellvalasztek\/econell-18-next\/\" target=\"_self\">Econell 18 Next<\/a><\/h1><p>The world's lightest, 18-meter category articulated bus<\/p>\n\t\t\t<a href=\"https:\/\/credobus.hu\/en\/modellvalasztek\/econell-18-next\/\" target=\"_self\">\n\t\t\t\t\t\t\tContinue\n\t\t\t\t\t<\/a>\n\t\t\t\t<a href=\"https:\/\/credobus.hu\/en\/modellvalasztek\/electronell\/\"  target=\"_self\" itemprop=\"url\">\n\t\t\t\t<img decoding=\"async\" src=\"https:\/\/credobus.hu\/wp-content\/uploads\/2022\/02\/25-07-21.png\" alt=\"25-07-21\" itemprop=\"image\" height=\"500\" width=\"500\" title=\"25-07-21\" onerror=\"this.style.display='none'\" loading=\"lazy\" \/>\n\t\t\t\t<\/a>\n<h1><a href=\"https:\/\/credobus.hu\/en\/modellvalasztek\/electronell\/\" target=\"_self\">Electronell<br \/><\/a><\/h1><p>The world's lightest steel-framed e-buses<\/p>\n\t\t\t<a href=\"https:\/\/credobus.hu\/en\/modellvalasztek\/electronell\/\" target=\"_self\">\n\t\t\t\t\t\t\tContinue\n\t\t\t\t\t<\/a>","protected":false},"excerpt":{"rendered":"<p>Modellv\u00e1laszt\u00e9k Ultrak\u00f6nny\u0171 buszok minden ig\u00e9nyre A Credobus l\u00e9nyeg\u00e9ben azonos m\u0171szaki architekt\u00far\u00e1val k\u00edn\u00e1l aut\u00f3buszokat v\u00e1rosit\u00f3l, az el\u0151v\u00e1rosin \u00e1t a region\u00e1lis kateg\u00f3ri\u00e1ig 10, 12, 13 \u00e9s 18 m\u00e9teres hosszv\u00e1ltozatokban. A Next csal\u00e1d 2025-t\u0151l z\u00e9r\u00f3emisszi\u00f3s hajt\u00e1sopci\u00f3val is rendelhet\u0151. Kor\u00e1bbi modellek Econell 12 Next Az ut\u00e1nozhatatlanul gazdas\u00e1gos sikermodell \u00faj gener\u00e1ci\u00f3ja Megismerem Econell 18 Next A vil\u00e1g legk\u00f6nnyebb, 18 m\u00e9teres [&hellip;]<\/p>\n","protected":false},"author":1,"featured_media":0,"parent":0,"menu_order":0,"comment_status":"closed","ping_status":"closed","template":"","meta":{"_monsterinsights_skip_tracking":false,"_monsterinsights_sitenote_active":false,"_monsterinsights_sitenote_note":"","_monsterinsights_sitenote_category":0,"site-sidebar-layout":"default","site-content-layout":"default","ast-site-content-layout":"default","site-content-style":"default","site-sidebar-style":"default","ast-global-header-display":"","ast-banner-title-visibility":"","ast-main-header-display":"","ast-hfb-above-header-display":"","ast-hfb-below-header-display":"disabled","ast-hfb-mobile-header-display":"","site-post-title":"disabled","ast-breadcrumbs-content":"","ast-featured-img":"","footer-sml-layout":"","theme-transparent-header-meta":"disabled","adv-header-id-meta":"","stick-header-meta":"enabled","header-above-stick-meta":"","header-main-stick-meta":"on","header-below-stick-meta":"","astra-migrate-meta-layouts":"default","ast-page-background-enabled":"default","ast-page-background-meta":{"desktop":{"background-color":"var(--ast-global-color-4)","background-image":"","background-repeat":"repeat","background-position":"center center","background-size":"auto","background-attachment":"scroll","background-type":"","background-media":"","overlay-type":"","overlay-color":"","overlay-opacity":"","overlay-gradient":""},"tablet":{"background-color":"","background-image":"","background-repeat":"repeat","background-position":"center center","background-size":"auto","background-attachment":"scroll","background-type":"","background-media":"","overlay-type":"","overlay-color":"","overlay-opacity":"","overlay-gradient":""},"mobile":{"background-color":"","background-image":"","background-repeat":"repeat","background-position":"center center","background-size":"auto","background-attachment":"scroll","background-type":"","background-media":"","overlay-type":"","overlay-color":"","overlay-opacity":"","overlay-gradient":""}},"ast-content-background-meta":{"desktop":{"background-color":"var(--ast-global-color-5)","background-image":"","background-repeat":"repeat","background-position":"center center","background-size":"auto","background-attachment":"scroll","background-type":"","background-media":"","overlay-type":"","overlay-color":"","overlay-opacity":"","overlay-gradient":""},"tablet":{"background-color":"var(--ast-global-color-5)","background-image":"","background-repeat":"repeat","background-position":"center center","background-size":"auto","background-attachment":"scroll","background-type":"","background-media":"","overlay-type":"","overlay-color":"","overlay-opacity":"","overlay-gradient":""},"mobile":{"background-color":"var(--ast-global-color-5)","background-image":"","background-repeat":"repeat","background-position":"center center","background-size":"auto","background-attachment":"scroll","background-type":"","background-media":"","overlay-type":"","overlay-color":"","overlay-opacity":"","overlay-gradient":""}},"footnotes":""},"class_list":["post-1823","page","type-page","status-publish","hentry"],"yoast_head":"<!-- This site is optimized with the Yoast SEO plugin v25.3.1 - https:\/\/yoast.com\/wordpress\/plugins\/seo\/ -->\n<title>Modellv\u00e1laszt\u00e9k - Credobus\u2122<\/title>\n<meta name=\"robots\" content=\"index, follow, max-snippet:-1, max-image-preview:large, max-video-preview:-1\" \/>\n<link rel=\"canonical\" href=\"https:\/\/credobus.hu\/en\/modellvalasztek\/\" \/>\n<meta property=\"og:locale\" content=\"en_GB\" \/>\n<meta property=\"og:type\" content=\"article\" \/>\n<meta property=\"og:title\" content=\"Modellv\u00e1laszt\u00e9k - Credobus\u2122\" \/>\n<meta property=\"og:description\" content=\"Modellv\u00e1laszt\u00e9k Ultrak\u00f6nny\u0171 buszok minden ig\u00e9nyre A Credobus l\u00e9nyeg\u00e9ben azonos m\u0171szaki architekt\u00far\u00e1val k\u00edn\u00e1l aut\u00f3buszokat v\u00e1rosit\u00f3l, az el\u0151v\u00e1rosin \u00e1t a region\u00e1lis kateg\u00f3ri\u00e1ig 10, 12, 13 \u00e9s 18 m\u00e9teres hosszv\u00e1ltozatokban. A Next csal\u00e1d 2025-t\u0151l z\u00e9r\u00f3emisszi\u00f3s hajt\u00e1sopci\u00f3val is rendelhet\u0151. Kor\u00e1bbi modellek Econell 12 Next Az ut\u00e1nozhatatlanul gazdas\u00e1gos sikermodell \u00faj gener\u00e1ci\u00f3ja Megismerem Econell 18 Next A vil\u00e1g legk\u00f6nnyebb, 18 m\u00e9teres [&hellip;]\" \/>\n<meta property=\"og:url\" content=\"https:\/\/credobus.hu\/en\/modellvalasztek\/\" \/>\n<meta property=\"og:site_name\" content=\"Credobus\u2122\" \/>\n<meta property=\"article:publisher\" content=\"https:\/\/www.facebook.com\/credobus\" \/>\n<meta property=\"article:modified_time\" content=\"2025-07-21T14:09:45+00:00\" \/>\n<meta property=\"og:image\" content=\"https:\/\/credobus.hu\/wp-content\/uploads\/2022\/09\/22-09-30-12.jpg\" \/>\n<meta name=\"twitter:card\" content=\"summary_large_image\" \/>\n<meta name=\"twitter:label1\" content=\"Estimated reading time\" \/>\n\t<meta name=\"twitter:data1\" content=\"1 minute\" \/>\n<script type=\"application\/ld+json\" class=\"yoast-schema-graph\">{\"@context\":\"https:\/\/schema.org\",\"@graph\":[{\"@type\":\"WebPage\",\"@id\":\"https:\/\/credobus.hu\/modellvalasztek\/\",\"url\":\"https:\/\/credobus.hu\/modellvalasztek\/\",\"name\":\"Modellv\u00e1laszt\u00e9k - Credobus\u2122\",\"isPartOf\":{\"@id\":\"https:\/\/credobus.hu\/en\/#website\"},\"primaryImageOfPage\":{\"@id\":\"https:\/\/credobus.hu\/modellvalasztek\/#primaryimage\"},\"image\":{\"@id\":\"https:\/\/credobus.hu\/modellvalasztek\/#primaryimage\"},\"thumbnailUrl\":\"https:\/\/credobus.hu\/wp-content\/uploads\/2022\/09\/22-09-30-12.jpg\",\"datePublished\":\"2022-05-12T12:34:14+00:00\",\"dateModified\":\"2025-07-21T14:09:45+00:00\",\"breadcrumb\":{\"@id\":\"https:\/\/credobus.hu\/modellvalasztek\/#breadcrumb\"},\"inLanguage\":\"en-GB\",\"potentialAction\":[{\"@type\":\"ReadAction\",\"target\":[\"https:\/\/credobus.hu\/modellvalasztek\/\"]}]},{\"@type\":\"ImageObject\",\"inLanguage\":\"en-GB\",\"@id\":\"https:\/\/credobus.hu\/modellvalasztek\/#primaryimage\",\"url\":\"https:\/\/credobus.hu\/wp-content\/uploads\/2022\/09\/22-09-30-12.jpg\",\"contentUrl\":\"https:\/\/credobus.hu\/wp-content\/uploads\/2022\/09\/22-09-30-12.jpg\"},{\"@type\":\"BreadcrumbList\",\"@id\":\"https:\/\/credobus.hu\/modellvalasztek\/#breadcrumb\",\"itemListElement\":[{\"@type\":\"ListItem\",\"position\":1,\"name\":\"Kezd\u0151lap\",\"item\":\"https:\/\/credobus.hu\/\"},{\"@type\":\"ListItem\",\"position\":2,\"name\":\"Modellv\u00e1laszt\u00e9k\"}]},{\"@type\":\"WebSite\",\"@id\":\"https:\/\/credobus.hu\/en\/#website\",\"url\":\"https:\/\/credobus.hu\/en\/\",\"name\":\"Credobus\u2122\",\"description\":\"A Credobus \u00f6sszek\u00f6t minket.\",\"publisher\":{\"@id\":\"https:\/\/credobus.hu\/en\/#organization\"},\"potentialAction\":[{\"@type\":\"SearchAction\",\"target\":{\"@type\":\"EntryPoint\",\"urlTemplate\":\"https:\/\/credobus.hu\/en\/?s={search_term_string}\"},\"query-input\":{\"@type\":\"PropertyValueSpecification\",\"valueRequired\":true,\"valueName\":\"search_term_string\"}}],\"inLanguage\":\"en-GB\"},{\"@type\":\"Organization\",\"@id\":\"https:\/\/credobus.hu\/en\/#organization\",\"name\":\"Kravtex-K\u00fchne Csoport\",\"url\":\"https:\/\/credobus.hu\/en\/\",\"logo\":{\"@type\":\"ImageObject\",\"inLanguage\":\"en-GB\",\"@id\":\"https:\/\/credobus.hu\/en\/#\/schema\/logo\/image\/\",\"url\":\"https:\/\/credobus.hu\/wp-content\/uploads\/2023\/03\/2021-06-15.png\",\"contentUrl\":\"https:\/\/credobus.hu\/wp-content\/uploads\/2023\/03\/2021-06-15.png\",\"width\":1154,\"height\":354,\"caption\":\"Kravtex-K\u00fchne Csoport\"},\"image\":{\"@id\":\"https:\/\/credobus.hu\/en\/#\/schema\/logo\/image\/\"},\"sameAs\":[\"https:\/\/www.facebook.com\/credobus\",\"https:\/\/www.instagram.com\/credobus\/\"]}]}<\/script>\n<!-- \/ Yoast SEO plugin. -->","yoast_head_json":{"title":"Modellv\u00e1laszt\u00e9k - Credobus\u2122","robots":{"index":"index","follow":"follow","max-snippet":"max-snippet:-1","max-image-preview":"max-image-preview:large","max-video-preview":"max-video-preview:-1"},"canonical":"https:\/\/credobus.hu\/en\/modellvalasztek\/","og_locale":"en_GB","og_type":"article","og_title":"Modellv\u00e1laszt\u00e9k - Credobus\u2122","og_description":"Modellv\u00e1laszt\u00e9k Ultrak\u00f6nny\u0171 buszok minden ig\u00e9nyre A Credobus l\u00e9nyeg\u00e9ben azonos m\u0171szaki architekt\u00far\u00e1val k\u00edn\u00e1l aut\u00f3buszokat v\u00e1rosit\u00f3l, az el\u0151v\u00e1rosin \u00e1t a region\u00e1lis kateg\u00f3ri\u00e1ig 10, 12, 13 \u00e9s 18 m\u00e9teres hosszv\u00e1ltozatokban. A Next csal\u00e1d 2025-t\u0151l z\u00e9r\u00f3emisszi\u00f3s hajt\u00e1sopci\u00f3val is rendelhet\u0151. Kor\u00e1bbi modellek Econell 12 Next Az ut\u00e1nozhatatlanul gazdas\u00e1gos sikermodell \u00faj gener\u00e1ci\u00f3ja Megismerem Econell 18 Next A vil\u00e1g legk\u00f6nnyebb, 18 m\u00e9teres [&hellip;]","og_url":"https:\/\/credobus.hu\/en\/modellvalasztek\/","og_site_name":"Credobus\u2122","article_publisher":"https:\/\/www.facebook.com\/credobus","article_modified_time":"2025-07-21T14:09:45+00:00","og_image":[{"url":"https:\/\/credobus.hu\/wp-content\/uploads\/2022\/09\/22-09-30-12.jpg","type":"","width":"","height":""}],"twitter_card":"summary_large_image","twitter_misc":{"Estimated reading time":"1 minute"},"schema":{"@context":"https:\/\/schema.org","@graph":[{"@type":"WebPage","@id":"https:\/\/credobus.hu\/modellvalasztek\/","url":"https:\/\/credobus.hu\/modellvalasztek\/","name":"Modellv\u00e1laszt\u00e9k - Credobus\u2122","isPartOf":{"@id":"https:\/\/credobus.hu\/en\/#website"},"primaryImageOfPage":{"@id":"https:\/\/credobus.hu\/modellvalasztek\/#primaryimage"},"image":{"@id":"https:\/\/credobus.hu\/modellvalasztek\/#primaryimage"},"thumbnailUrl":"https:\/\/credobus.hu\/wp-content\/uploads\/2022\/09\/22-09-30-12.jpg","datePublished":"2022-05-12T12:34:14+00:00","dateModified":"2025-07-21T14:09:45+00:00","breadcrumb":{"@id":"https:\/\/credobus.hu\/modellvalasztek\/#breadcrumb"},"inLanguage":"en-GB","potentialAction":[{"@type":"ReadAction","target":["https:\/\/credobus.hu\/modellvalasztek\/"]}]},{"@type":"ImageObject","inLanguage":"en-GB","@id":"https:\/\/credobus.hu\/modellvalasztek\/#primaryimage","url":"https:\/\/credobus.hu\/wp-content\/uploads\/2022\/09\/22-09-30-12.jpg","contentUrl":"https:\/\/credobus.hu\/wp-content\/uploads\/2022\/09\/22-09-30-12.jpg"},{"@type":"BreadcrumbList","@id":"https:\/\/credobus.hu\/modellvalasztek\/#breadcrumb","itemListElement":[{"@type":"ListItem","position":1,"name":"Kezd\u0151lap","item":"https:\/\/credobus.hu\/"},{"@type":"ListItem","position":2,"name":"Modellv\u00e1laszt\u00e9k"}]},{"@type":"WebSite","@id":"https:\/\/credobus.hu\/en\/#website","url":"https:\/\/credobus.hu\/en\/","name":"Credobus\u2122","description":"Credobus connects us.","publisher":{"@id":"https:\/\/credobus.hu\/en\/#organization"},"potentialAction":[{"@type":"SearchAction","target":{"@type":"EntryPoint","urlTemplate":"https:\/\/credobus.hu\/en\/?s={search_term_string}"},"query-input":{"@type":"PropertyValueSpecification","valueRequired":true,"valueName":"search_term_string"}}],"inLanguage":"en-GB"},{"@type":"Organization","@id":"https:\/\/credobus.hu\/en\/#organization","name":"Kravtex-K\u00fchne Group","url":"https:\/\/credobus.hu\/en\/","logo":{"@type":"ImageObject","inLanguage":"en-GB","@id":"https:\/\/credobus.hu\/en\/#\/schema\/logo\/image\/","url":"https:\/\/credobus.hu\/wp-content\/uploads\/2023\/03\/2021-06-15.png","contentUrl":"https:\/\/credobus.hu\/wp-content\/uploads\/2023\/03\/2021-06-15.png","width":1154,"height":354,"caption":"Kravtex-K\u00fchne Csoport"},"image":{"@id":"https:\/\/credobus.hu\/en\/#\/schema\/logo\/image\/"},"sameAs":["https:\/\/www.facebook.com\/credobus","https:\/\/www.instagram.com\/credobus\/"]}]}},"_links":{"self":[{"href":"https:\/\/credobus.hu\/en\/wp-json\/wp\/v2\/pages\/1823","targetHints":{"allow":["GET"]}}],"collection":[{"href":"https:\/\/credobus.hu\/en\/wp-json\/wp\/v2\/pages"}],"about":[{"href":"https:\/\/credobus.hu\/en\/wp-json\/wp\/v2\/types\/page"}],"author":[{"embeddable":true,"href":"https:\/\/credobus.hu\/en\/wp-json\/wp\/v2\/users\/1"}],"replies":[{"embeddable":true,"href":"https:\/\/credobus.hu\/en\/wp-json\/wp\/v2\/comments?post=1823"}],"version-history":[{"count":44,"href":"https:\/\/credobus.hu\/en\/wp-json\/wp\/v2\/pages\/1823\/revisions"}],"predecessor-version":[{"id":3951,"href":"https:\/\/credobus.hu\/en\/wp-json\/wp\/v2\/pages\/1823\/revisions\/3951"}],"wp:attachment":[{"href":"https:\/\/credobus.hu\/en\/wp-json\/wp\/v2\/media?parent=1823"}],"curies":[{"name":"wp","href":"https:\/\/api.w.org\/{rel}","templated":true}]}}