{"id":1855,"date":"2022-05-13T04:22:30","date_gmt":"2022-05-13T04:22:30","guid":{"rendered":"https:\/\/credobus.hu\/next\/?page_id=1855"},"modified":"2023-02-09T13:04:27","modified_gmt":"2023-02-09T12:04:27","slug":"ultrakonnyu","status":"publish","type":"page","link":"https:\/\/credobus.hu\/en\/ultrakonnyu\/","title":{"rendered":"Ultralight"},"content":{"rendered":"<h1>Ultralight<\/h1>\n<h2>19,5&#8243;-os kerekekkel lehets\u00e9ges.<\/h2>\n<p>Thanks to the innovative axle configuration and optimized frame structure, Credobus models are tons lighter than their competitors. The ultra-low own weight is a real jackpot from an environmental and economic point of view.<\/p>\n\t\t\t<a href=\"https:\/\/credobus.hu\/en\/modellvalasztek\/\" target=\"_self\" role=\"button\" rel=\"noopener\">\n\t\t\t\t\t\t\tModels\n\t\t\t\t\t<\/a>\n\t\t\t\t<img loading=\"lazy\" decoding=\"async\" src=\"https:\/\/credobus.hu\/wp-content\/uploads\/2022\/09\/2022-09-02-2.jpg\" alt=\"2022-09-02-2\" itemprop=\"image\" height=\"765\" width=\"1398\" title=\"2022-09-02-2\" onerror=\"this.style.display='none'\"  \/>\n\t<h1>Credobus\u2122<\/h1>\n<h2>Huge savings with ultralight buses<\/h2>\n<p>Credobus models are tons lighter than their competitors, so they consume significantly less fuel. The innovative axle configuration and the optimized frame structure result in approximately 15 % fuel savings and a significant reduction in carbon dioxide emissions.<\/p>\n<h3>The amount of savings at the fleet level of the 2,600 operating Credobuses can exceed EUR 12,5 million per year.<\/h3>\n\t<h1>How much CO<sub>2<\/sub> is in the saved fuel?<\/h1>\n\t<h4>Each liter of fuel saved saves the atmosphere from 2.64 kg of carbon dioxide. According to realistic calculations, the 2,600 operating buses make it possible to avoid the emission of nearly 30,000 tons of greenhouse gas annually.<\/h4>\n<h4><strong>One and a half million trees would be able to bind this amount.<\/strong><\/h4>\n\t<h1>Saves money during its entire life cycle<\/h1>\n\t<h4>The ultra-light construction and the vertically integrated production model of the Kravtex-K\u00fchne Group provide operators with unprecedented cost efficiency. Credobus models are proven to be economical from purchase to operation to the sale of the used vehicle.<\/h4>\n\t\t<h1>Fuel<\/h1>\t\t\t\n\t\t\t\t<p>The ultra-low own weight reduces fuel consumption by up to 15 %. Depending on mileage, this means savings of more than EUR 5,000 per bus per year.<\/p>\n\t\t<h1>Purchase price<\/h1>\t\t\t\n\t\t\t\t<p>To move the low net weight, there is no need to use oversized main units, which reduces production costs. Therefore, the purchase price advantage can exceed 15 %.<\/p>\n\t\t<h1>Spare parts<\/h1>\t\t\t\n\t\t\t\t<p>K\u00fchne independently manufactures almost all the integrated metal parts of the Credobuses. The supply of spare parts without intermediaries means a further significant cost reduction for operators.<\/p>\n\t<p><img loading=\"lazy\" decoding=\"async\" src=\"https:\/\/credobus.hu\/wp-content\/uploads\/2022\/12\/2021-05-31.321.jpg\" alt=\"\" width=\"1920\" height=\"1080\" \/><\/p>","protected":false},"excerpt":{"rendered":"<p>Ultrak\u00f6nny\u0171 19,5&#8243;-os kerekekkel lehets\u00e9ges. Az innovat\u00edv fut\u00f3m\u0171-konfigur\u00e1ci\u00f3nak \u00e9s az optimaliz\u00e1lt v\u00e1zszerkezetnek k\u00f6sz\u00f6nhet\u0151en a Credobus modellek tonn\u00e1kkal k\u00f6nnyebbek versenyt\u00e1rsaikn\u00e1l. Az ultraalacsony saj\u00e1t t\u00f6meg k\u00f6rnyezeti \u00e9s gazdas\u00e1gi szempontb\u00f3l is k\u00e9sz f\u0151nyerem\u00e9ny. Modellv\u00e1laszt\u00e9k Credobus\u2122 Milli\u00e1rdos megtakar\u00edt\u00e1s ultrak\u00f6nny\u0171 buszokkal A Credobus modellek tonn\u00e1kkal k\u00f6nnyebbek versenyt\u00e1rsaikn\u00e1l, ez\u00e9rt jelent\u0151sen kevesebb \u00fczemanyagot fogyasztanak. Az innovat\u00edv fut\u00f3m\u0171-konfigur\u00e1ci\u00f3 \u00e9s az optimaliz\u00e1lt v\u00e1zszerkezet mintegy 15 [&hellip;]<\/p>\n","protected":false},"author":1,"featured_media":0,"parent":0,"menu_order":0,"comment_status":"closed","ping_status":"closed","template":"","meta":{"_monsterinsights_skip_tracking":false,"_monsterinsights_sitenote_active":false,"_monsterinsights_sitenote_note":"","_monsterinsights_sitenote_category":0,"site-sidebar-layout":"default","site-content-layout":"default","ast-site-content-layout":"default","site-content-style":"default","site-sidebar-style":"default","ast-global-header-display":"","ast-banner-title-visibility":"","ast-main-header-display":"","ast-hfb-above-header-display":"","ast-hfb-below-header-display":"disabled","ast-hfb-mobile-header-display":"","site-post-title":"disabled","ast-breadcrumbs-content":"","ast-featured-img":"","footer-sml-layout":"","theme-transparent-header-meta":"disabled","adv-header-id-meta":"","stick-header-meta":"enabled","header-above-stick-meta":"","header-main-stick-meta":"on","header-below-stick-meta":"","astra-migrate-meta-layouts":"default","ast-page-background-enabled":"default","ast-page-background-meta":{"desktop":{"background-color":"var(--ast-global-color-4)","background-image":"","background-repeat":"repeat","background-position":"center center","background-size":"auto","background-attachment":"scroll","background-type":"","background-media":"","overlay-type":"","overlay-color":"","overlay-opacity":"","overlay-gradient":""},"tablet":{"background-color":"","background-image":"","background-repeat":"repeat","background-position":"center center","background-size":"auto","background-attachment":"scroll","background-type":"","background-media":"","overlay-type":"","overlay-color":"","overlay-opacity":"","overlay-gradient":""},"mobile":{"background-color":"","background-image":"","background-repeat":"repeat","background-position":"center center","background-size":"auto","background-attachment":"scroll","background-type":"","background-media":"","overlay-type":"","overlay-color":"","overlay-opacity":"","overlay-gradient":""}},"ast-content-background-meta":{"desktop":{"background-color":"var(--ast-global-color-5)","background-image":"","background-repeat":"repeat","background-position":"center center","background-size":"auto","background-attachment":"scroll","background-type":"","background-media":"","overlay-type":"","overlay-color":"","overlay-opacity":"","overlay-gradient":""},"tablet":{"background-color":"var(--ast-global-color-5)","background-image":"","background-repeat":"repeat","background-position":"center center","background-size":"auto","background-attachment":"scroll","background-type":"","background-media":"","overlay-type":"","overlay-color":"","overlay-opacity":"","overlay-gradient":""},"mobile":{"background-color":"var(--ast-global-color-5)","background-image":"","background-repeat":"repeat","background-position":"center center","background-size":"auto","background-attachment":"scroll","background-type":"","background-media":"","overlay-type":"","overlay-color":"","overlay-opacity":"","overlay-gradient":""}},"footnotes":""},"class_list":["post-1855","page","type-page","status-publish","hentry"],"yoast_head":"<!-- This site is optimized with the Yoast SEO plugin v25.3.1 - https:\/\/yoast.com\/wordpress\/plugins\/seo\/ -->\n<title>Ultrak\u00f6nny\u0171 - Credobus\u2122<\/title>\n<meta name=\"robots\" content=\"index, follow, max-snippet:-1, max-image-preview:large, max-video-preview:-1\" \/>\n<link rel=\"canonical\" href=\"https:\/\/credobus.hu\/en\/ultrakonnyu\/\" \/>\n<meta property=\"og:locale\" content=\"en_GB\" \/>\n<meta property=\"og:type\" content=\"article\" \/>\n<meta property=\"og:title\" content=\"Ultrak\u00f6nny\u0171 - Credobus\u2122\" \/>\n<meta property=\"og:description\" content=\"Ultrak\u00f6nny\u0171 19,5&#8243;-os kerekekkel lehets\u00e9ges. Az innovat\u00edv fut\u00f3m\u0171-konfigur\u00e1ci\u00f3nak \u00e9s az optimaliz\u00e1lt v\u00e1zszerkezetnek k\u00f6sz\u00f6nhet\u0151en a Credobus modellek tonn\u00e1kkal k\u00f6nnyebbek versenyt\u00e1rsaikn\u00e1l. Az ultraalacsony saj\u00e1t t\u00f6meg k\u00f6rnyezeti \u00e9s gazdas\u00e1gi szempontb\u00f3l is k\u00e9sz f\u0151nyerem\u00e9ny. Modellv\u00e1laszt\u00e9k Credobus\u2122 Milli\u00e1rdos megtakar\u00edt\u00e1s ultrak\u00f6nny\u0171 buszokkal A Credobus modellek tonn\u00e1kkal k\u00f6nnyebbek versenyt\u00e1rsaikn\u00e1l, ez\u00e9rt jelent\u0151sen kevesebb \u00fczemanyagot fogyasztanak. Az innovat\u00edv fut\u00f3m\u0171-konfigur\u00e1ci\u00f3 \u00e9s az optimaliz\u00e1lt v\u00e1zszerkezet mintegy 15 [&hellip;]\" \/>\n<meta property=\"og:url\" content=\"https:\/\/credobus.hu\/en\/ultrakonnyu\/\" \/>\n<meta property=\"og:site_name\" content=\"Credobus\u2122\" \/>\n<meta property=\"article:publisher\" content=\"https:\/\/www.facebook.com\/credobus\" \/>\n<meta property=\"article:modified_time\" content=\"2023-02-09T12:04:27+00:00\" \/>\n<meta property=\"og:image\" content=\"https:\/\/credobus.hu\/wp-content\/uploads\/2022\/09\/2022-09-02-2.jpg\" \/>\n<meta name=\"twitter:card\" content=\"summary_large_image\" \/>\n<meta name=\"twitter:label1\" content=\"Estimated reading time\" \/>\n\t<meta name=\"twitter:data1\" content=\"2 minutes\" \/>\n<script type=\"application\/ld+json\" class=\"yoast-schema-graph\">{\"@context\":\"https:\/\/schema.org\",\"@graph\":[{\"@type\":\"WebPage\",\"@id\":\"https:\/\/credobus.hu\/ultrakonnyu\/\",\"url\":\"https:\/\/credobus.hu\/ultrakonnyu\/\",\"name\":\"Ultrak\u00f6nny\u0171 - Credobus\u2122\",\"isPartOf\":{\"@id\":\"https:\/\/credobus.hu\/en\/#website\"},\"primaryImageOfPage\":{\"@id\":\"https:\/\/credobus.hu\/ultrakonnyu\/#primaryimage\"},\"image\":{\"@id\":\"https:\/\/credobus.hu\/ultrakonnyu\/#primaryimage\"},\"thumbnailUrl\":\"https:\/\/credobus.hu\/wp-content\/uploads\/2022\/09\/2022-09-02-2.jpg\",\"datePublished\":\"2022-05-13T04:22:30+00:00\",\"dateModified\":\"2023-02-09T12:04:27+00:00\",\"breadcrumb\":{\"@id\":\"https:\/\/credobus.hu\/ultrakonnyu\/#breadcrumb\"},\"inLanguage\":\"en-GB\",\"potentialAction\":[{\"@type\":\"ReadAction\",\"target\":[\"https:\/\/credobus.hu\/ultrakonnyu\/\"]}]},{\"@type\":\"ImageObject\",\"inLanguage\":\"en-GB\",\"@id\":\"https:\/\/credobus.hu\/ultrakonnyu\/#primaryimage\",\"url\":\"https:\/\/credobus.hu\/wp-content\/uploads\/2022\/09\/2022-09-02-2.jpg\",\"contentUrl\":\"https:\/\/credobus.hu\/wp-content\/uploads\/2022\/09\/2022-09-02-2.jpg\"},{\"@type\":\"BreadcrumbList\",\"@id\":\"https:\/\/credobus.hu\/ultrakonnyu\/#breadcrumb\",\"itemListElement\":[{\"@type\":\"ListItem\",\"position\":1,\"name\":\"Kezd\u0151lap\",\"item\":\"https:\/\/credobus.hu\/\"},{\"@type\":\"ListItem\",\"position\":2,\"name\":\"Ultrak\u00f6nny\u0171\"}]},{\"@type\":\"WebSite\",\"@id\":\"https:\/\/credobus.hu\/en\/#website\",\"url\":\"https:\/\/credobus.hu\/en\/\",\"name\":\"Credobus\u2122\",\"description\":\"A Credobus \u00f6sszek\u00f6t minket.\",\"publisher\":{\"@id\":\"https:\/\/credobus.hu\/en\/#organization\"},\"potentialAction\":[{\"@type\":\"SearchAction\",\"target\":{\"@type\":\"EntryPoint\",\"urlTemplate\":\"https:\/\/credobus.hu\/en\/?s={search_term_string}\"},\"query-input\":{\"@type\":\"PropertyValueSpecification\",\"valueRequired\":true,\"valueName\":\"search_term_string\"}}],\"inLanguage\":\"en-GB\"},{\"@type\":\"Organization\",\"@id\":\"https:\/\/credobus.hu\/en\/#organization\",\"name\":\"Kravtex-K\u00fchne Csoport\",\"url\":\"https:\/\/credobus.hu\/en\/\",\"logo\":{\"@type\":\"ImageObject\",\"inLanguage\":\"en-GB\",\"@id\":\"https:\/\/credobus.hu\/en\/#\/schema\/logo\/image\/\",\"url\":\"https:\/\/credobus.hu\/wp-content\/uploads\/2023\/03\/2021-06-15.png\",\"contentUrl\":\"https:\/\/credobus.hu\/wp-content\/uploads\/2023\/03\/2021-06-15.png\",\"width\":1154,\"height\":354,\"caption\":\"Kravtex-K\u00fchne Csoport\"},\"image\":{\"@id\":\"https:\/\/credobus.hu\/en\/#\/schema\/logo\/image\/\"},\"sameAs\":[\"https:\/\/www.facebook.com\/credobus\",\"https:\/\/www.instagram.com\/credobus\/\"]}]}<\/script>\n<!-- \/ Yoast SEO plugin. -->","yoast_head_json":{"title":"Ultrak\u00f6nny\u0171 - Credobus\u2122","robots":{"index":"index","follow":"follow","max-snippet":"max-snippet:-1","max-image-preview":"max-image-preview:large","max-video-preview":"max-video-preview:-1"},"canonical":"https:\/\/credobus.hu\/en\/ultrakonnyu\/","og_locale":"en_GB","og_type":"article","og_title":"Ultrak\u00f6nny\u0171 - Credobus\u2122","og_description":"Ultrak\u00f6nny\u0171 19,5&#8243;-os kerekekkel lehets\u00e9ges. Az innovat\u00edv fut\u00f3m\u0171-konfigur\u00e1ci\u00f3nak \u00e9s az optimaliz\u00e1lt v\u00e1zszerkezetnek k\u00f6sz\u00f6nhet\u0151en a Credobus modellek tonn\u00e1kkal k\u00f6nnyebbek versenyt\u00e1rsaikn\u00e1l. Az ultraalacsony saj\u00e1t t\u00f6meg k\u00f6rnyezeti \u00e9s gazdas\u00e1gi szempontb\u00f3l is k\u00e9sz f\u0151nyerem\u00e9ny. Modellv\u00e1laszt\u00e9k Credobus\u2122 Milli\u00e1rdos megtakar\u00edt\u00e1s ultrak\u00f6nny\u0171 buszokkal A Credobus modellek tonn\u00e1kkal k\u00f6nnyebbek versenyt\u00e1rsaikn\u00e1l, ez\u00e9rt jelent\u0151sen kevesebb \u00fczemanyagot fogyasztanak. Az innovat\u00edv fut\u00f3m\u0171-konfigur\u00e1ci\u00f3 \u00e9s az optimaliz\u00e1lt v\u00e1zszerkezet mintegy 15 [&hellip;]","og_url":"https:\/\/credobus.hu\/en\/ultrakonnyu\/","og_site_name":"Credobus\u2122","article_publisher":"https:\/\/www.facebook.com\/credobus","article_modified_time":"2023-02-09T12:04:27+00:00","og_image":[{"url":"https:\/\/credobus.hu\/wp-content\/uploads\/2022\/09\/2022-09-02-2.jpg","type":"","width":"","height":""}],"twitter_card":"summary_large_image","twitter_misc":{"Estimated reading time":"2 minutes"},"schema":{"@context":"https:\/\/schema.org","@graph":[{"@type":"WebPage","@id":"https:\/\/credobus.hu\/ultrakonnyu\/","url":"https:\/\/credobus.hu\/ultrakonnyu\/","name":"Ultrak\u00f6nny\u0171 - Credobus\u2122","isPartOf":{"@id":"https:\/\/credobus.hu\/en\/#website"},"primaryImageOfPage":{"@id":"https:\/\/credobus.hu\/ultrakonnyu\/#primaryimage"},"image":{"@id":"https:\/\/credobus.hu\/ultrakonnyu\/#primaryimage"},"thumbnailUrl":"https:\/\/credobus.hu\/wp-content\/uploads\/2022\/09\/2022-09-02-2.jpg","datePublished":"2022-05-13T04:22:30+00:00","dateModified":"2023-02-09T12:04:27+00:00","breadcrumb":{"@id":"https:\/\/credobus.hu\/ultrakonnyu\/#breadcrumb"},"inLanguage":"en-GB","potentialAction":[{"@type":"ReadAction","target":["https:\/\/credobus.hu\/ultrakonnyu\/"]}]},{"@type":"ImageObject","inLanguage":"en-GB","@id":"https:\/\/credobus.hu\/ultrakonnyu\/#primaryimage","url":"https:\/\/credobus.hu\/wp-content\/uploads\/2022\/09\/2022-09-02-2.jpg","contentUrl":"https:\/\/credobus.hu\/wp-content\/uploads\/2022\/09\/2022-09-02-2.jpg"},{"@type":"BreadcrumbList","@id":"https:\/\/credobus.hu\/ultrakonnyu\/#breadcrumb","itemListElement":[{"@type":"ListItem","position":1,"name":"Kezd\u0151lap","item":"https:\/\/credobus.hu\/"},{"@type":"ListItem","position":2,"name":"Ultrak\u00f6nny\u0171"}]},{"@type":"WebSite","@id":"https:\/\/credobus.hu\/en\/#website","url":"https:\/\/credobus.hu\/en\/","name":"Credobus\u2122","description":"Credobus connects us.","publisher":{"@id":"https:\/\/credobus.hu\/en\/#organization"},"potentialAction":[{"@type":"SearchAction","target":{"@type":"EntryPoint","urlTemplate":"https:\/\/credobus.hu\/en\/?s={search_term_string}"},"query-input":{"@type":"PropertyValueSpecification","valueRequired":true,"valueName":"search_term_string"}}],"inLanguage":"en-GB"},{"@type":"Organization","@id":"https:\/\/credobus.hu\/en\/#organization","name":"Kravtex-K\u00fchne Group","url":"https:\/\/credobus.hu\/en\/","logo":{"@type":"ImageObject","inLanguage":"en-GB","@id":"https:\/\/credobus.hu\/en\/#\/schema\/logo\/image\/","url":"https:\/\/credobus.hu\/wp-content\/uploads\/2023\/03\/2021-06-15.png","contentUrl":"https:\/\/credobus.hu\/wp-content\/uploads\/2023\/03\/2021-06-15.png","width":1154,"height":354,"caption":"Kravtex-K\u00fchne Csoport"},"image":{"@id":"https:\/\/credobus.hu\/en\/#\/schema\/logo\/image\/"},"sameAs":["https:\/\/www.facebook.com\/credobus","https:\/\/www.instagram.com\/credobus\/"]}]}},"_links":{"self":[{"href":"https:\/\/credobus.hu\/en\/wp-json\/wp\/v2\/pages\/1855","targetHints":{"allow":["GET"]}}],"collection":[{"href":"https:\/\/credobus.hu\/en\/wp-json\/wp\/v2\/pages"}],"about":[{"href":"https:\/\/credobus.hu\/en\/wp-json\/wp\/v2\/types\/page"}],"author":[{"embeddable":true,"href":"https:\/\/credobus.hu\/en\/wp-json\/wp\/v2\/users\/1"}],"replies":[{"embeddable":true,"href":"https:\/\/credobus.hu\/en\/wp-json\/wp\/v2\/comments?post=1855"}],"version-history":[{"count":42,"href":"https:\/\/credobus.hu\/en\/wp-json\/wp\/v2\/pages\/1855\/revisions"}],"predecessor-version":[{"id":2582,"href":"https:\/\/credobus.hu\/en\/wp-json\/wp\/v2\/pages\/1855\/revisions\/2582"}],"wp:attachment":[{"href":"https:\/\/credobus.hu\/en\/wp-json\/wp\/v2\/media?parent=1855"}],"curies":[{"name":"wp","href":"https:\/\/api.w.org\/{rel}","templated":true}]}}