{"id":1123,"date":"2023-03-10T12:29:30","date_gmt":"2023-03-10T11:29:30","guid":{"rendered":"https:\/\/credobus.hu\/shop\/?post_type=product&#038;p=1123"},"modified":"2026-02-19T06:44:41","modified_gmt":"2026-02-19T05:44:41","slug":"baseball-sapka-next","status":"publish","type":"product","link":"https:\/\/credobus.hu\/shop\/termek\/baseball-sapka-next\/","title":{"rendered":"Baseball sapka Next"},"content":{"rendered":"","protected":false},"excerpt":{"rendered":"<p>Divatos, fejm\u00e9rethez igaz\u00edthat\u00f3 baseball sapka, elej\u00e9n h\u00edmzett NEXT felirattal<\/p>\n","protected":false},"featured_media":1124,"template":"","meta":[],"product_brand":[],"product_cat":[23],"product_tag":[],"class_list":{"0":"post-1123","1":"product","2":"type-product","3":"status-publish","4":"has-post-thumbnail","6":"product_cat-textil_termekek","8":"first","9":"instock","10":"featured","11":"taxable","12":"shipping-taxable","13":"purchasable","14":"product-type-simple"},"_links":{"self":[{"href":"https:\/\/credobus.hu\/shop\/wp-json\/wp\/v2\/product\/1123","targetHints":{"allow":["GET"]}}],"collection":[{"href":"https:\/\/credobus.hu\/shop\/wp-json\/wp\/v2\/product"}],"about":[{"href":"https:\/\/credobus.hu\/shop\/wp-json\/wp\/v2\/types\/product"}],"wp:featuredmedia":[{"embeddable":true,"href":"https:\/\/credobus.hu\/shop\/wp-json\/wp\/v2\/media\/1124"}],"wp:attachment":[{"href":"https:\/\/credobus.hu\/shop\/wp-json\/wp\/v2\/media?parent=1123"}],"wp:term":[{"taxonomy":"product_brand","embeddable":true,"href":"https:\/\/credobus.hu\/shop\/wp-json\/wp\/v2\/product_brand?post=1123"},{"taxonomy":"product_cat","embeddable":true,"href":"https:\/\/credobus.hu\/shop\/wp-json\/wp\/v2\/product_cat?post=1123"},{"taxonomy":"product_tag","embeddable":true,"href":"https:\/\/credobus.hu\/shop\/wp-json\/wp\/v2\/product_tag?post=1123"}],"curies":[{"name":"wp","href":"https:\/\/api.w.org\/{rel}","templated":true}]}}