{"id":1415,"date":"2024-05-22T07:26:31","date_gmt":"2024-05-22T05:26:31","guid":{"rendered":"https:\/\/credobus.hu\/shop\/?post_type=product&#038;p=1415"},"modified":"2025-03-17T06:33:26","modified_gmt":"2025-03-17T05:33:26","slug":"konnyu-softshell-dzseki","status":"publish","type":"product","link":"https:\/\/credobus.hu\/shop\/termek\/konnyu-softshell-dzseki\/","title":{"rendered":"K\u00f6nny\u0171 softshell dzseki"},"content":{"rendered":"","protected":false},"excerpt":{"rendered":"<p>V\u00edzleperget\u0151, sz\u00e9l\u00e1ll\u00f3, l\u00e9g\u00e1tereszt\u0151 anyag\u00fa softshell dzseki. Cipz\u00e1ras k\u00e9t el\u00fcls\u0151 zseb, bels\u0151 zipz\u00e1rv\u00e9d\u0151. H\u00edmzett Credobus log\u00f3val.<\/p>\n","protected":false},"featured_media":1414,"template":"","meta":[],"product_brand":[],"product_cat":[23],"product_tag":[],"class_list":{"0":"post-1415","1":"product","2":"type-product","3":"status-publish","4":"has-post-thumbnail","6":"product_cat-textil_termekek","8":"first","9":"instock","10":"featured","11":"taxable","12":"shipping-taxable","13":"purchasable","14":"product-type-variable","15":"has-default-attributes"},"_links":{"self":[{"href":"https:\/\/credobus.hu\/shop\/wp-json\/wp\/v2\/product\/1415","targetHints":{"allow":["GET"]}}],"collection":[{"href":"https:\/\/credobus.hu\/shop\/wp-json\/wp\/v2\/product"}],"about":[{"href":"https:\/\/credobus.hu\/shop\/wp-json\/wp\/v2\/types\/product"}],"wp:featuredmedia":[{"embeddable":true,"href":"https:\/\/credobus.hu\/shop\/wp-json\/wp\/v2\/media\/1414"}],"wp:attachment":[{"href":"https:\/\/credobus.hu\/shop\/wp-json\/wp\/v2\/media?parent=1415"}],"wp:term":[{"taxonomy":"product_brand","embeddable":true,"href":"https:\/\/credobus.hu\/shop\/wp-json\/wp\/v2\/product_brand?post=1415"},{"taxonomy":"product_cat","embeddable":true,"href":"https:\/\/credobus.hu\/shop\/wp-json\/wp\/v2\/product_cat?post=1415"},{"taxonomy":"product_tag","embeddable":true,"href":"https:\/\/credobus.hu\/shop\/wp-json\/wp\/v2\/product_tag?post=1415"}],"curies":[{"name":"wp","href":"https:\/\/api.w.org\/{rel}","templated":true}]}}