{"id":1488,"date":"2024-12-17T14:58:06","date_gmt":"2024-12-17T13:58:06","guid":{"rendered":"https:\/\/credobus.hu\/shop\/?post_type=product&#038;p=1488"},"modified":"2025-02-07T13:41:00","modified_gmt":"2025-02-07T12:41:00","slug":"csaladi-sorsmetszetek-100-eve-szuletett-horvath-ede","status":"publish","type":"product","link":"https:\/\/credobus.hu\/shop\/termek\/csaladi-sorsmetszetek-100-eve-szuletett-horvath-ede\/","title":{"rendered":"Csal\u00e1di sorsmetszetek &#8211; 100 \u00e9ve sz\u00fcletett Horv\u00e1th Ede"},"content":{"rendered":"<p>Mi\u00e9rt utas\u00edtotta vissza Horv\u00e1th Ede \u00e9s feles\u00e9ge a h\u00e1zat, amit a Kossuth-d\u00edjjal egy\u00fctt kapott? Kire szavazott 1990-ben a v\u00f6r\u00f6s b\u00e1r\u00f3? Kinek fogadta meg gyerekk\u00e9nt, hogy legk\u00f6zelebb csak a lakodalm\u00e1n t\u00e1ncol? Mi\u00e9rt kopog be egy kommunista a mennyek orsz\u00e1g\u00e1ba? H\u00e1nyszoros\u00e1ra n\u0151tt a fr\u00f6ccsforgalom, ha az \u0151 bor\u00e1b\u00f3l csin\u00e1lt\u00e1k az italt? Mi\u00e9rt puccsolt\u00e1k meg azok a munkat\u00e1rsai, akik &#8222;p\u00e1r nappal el\u0151tte m\u00e9g der\u00e9ksz\u00f6gben \u00e1llva versenyeztek, ki tudja gyorsabban kimondani, hogy vez\u00e9rigazgat\u00f3 elvt\u00e1rs&#8221;? Mi\u00e9rt mondta K\u00e1d\u00e1rnak \u00f6nmag\u00e1r\u00f3l, hogy neki is a b\u00f6rt\u00f6nben lenne a helye? Kire n\u00e9zett zavarba ejt\u0151, szerelmes tekintettel? Mivel m\u00e9rhet\u0151 az &#8222;Edes\u00e9g&#8221; s\u00falya? Honnan menek\u00edtettek embereket a gyermekei? Mi lett a csal\u00e1d sorsa, hol \u00e9s hogyan \u00e9lnek most a lesz\u00e1rmazottai?<\/p>\n<p>Ez a k\u00f6nyv nem tanulm\u00e1ny, de nem is csak szem\u00e9lyes eml\u00e9kek t\u00e1rh\u00e1za. Nem r\u00e9szletezi a vez\u00e9rigazgat\u00f3 munk\u00e1ss\u00e1g\u00e1nak minden \u00e1llom\u00e1s\u00e1t, eredm\u00e9nyeinek darabsz\u00e1mban forintban, rubelben, valut\u00e1ban kifejezett \u00e9rt\u00e9k\u00e9t. Csup\u00e1n fel akarjuk v\u00e1zolni annak az embernek &#8211; \u00e9s elhunyt valamint \u00e9l\u0151 hozz\u00e1tartoz\u00f3inak &#8211; a k\u00e9p\u00e9t, a vez\u00e9rigazgat\u00f3\u00e9t, aki igazod\u00e1si pontk\u00e9nt szolg\u00e1lhatott volna a magyar gazdas\u00e1gnak a szocializmus \u00e9veiben, \u00e9s bizonyos \u00e9rtelemben ma is.<\/p>\n","protected":false},"excerpt":{"rendered":"<p>2024-ben \u00fcnnepelj\u00fck Horv\u00e1th Ede, a R\u00e1ba Magyar Vagon- \u00e9s G\u00e9pgy\u00e1r legend\u00e1s vez\u00e9rigazgat\u00f3ja sz\u00fclet\u00e9s\u00e9nek 100. \u00e9vfordul\u00f3j\u00e1t. A Horv\u00e1th Ede Eml\u00e9kalap\u00edtv\u00e1ny \u00faj k\u00f6nyvet adott ki a centen\u00e1rium tisztelet\u00e9re, melynek szerz\u0151je Hajba Ferenc.<\/p>\n<p>A k\u00f6nyv szem\u00e9lyesen is megv\u00e1s\u00e1rolhat\u00f3 Gy\u0151rben, a <a href=\"https:\/\/www.gyorikonyvtar.hu\/lokalpatriota-konyvesbolt\"><strong>Lok\u00e1lpatri\u00f3ta k\u00f6nyvesboltban<\/strong><\/a>!<\/p>\n","protected":false},"featured_media":1595,"template":"","meta":[],"product_brand":[],"product_cat":[116],"product_tag":[],"class_list":{"0":"post-1488","1":"product","2":"type-product","3":"status-publish","4":"has-post-thumbnail","6":"product_cat-konyvek","8":"first","9":"instock","10":"taxable","11":"shipping-taxable","12":"purchasable","13":"product-type-simple"},"_links":{"self":[{"href":"https:\/\/credobus.hu\/shop\/wp-json\/wp\/v2\/product\/1488","targetHints":{"allow":["GET"]}}],"collection":[{"href":"https:\/\/credobus.hu\/shop\/wp-json\/wp\/v2\/product"}],"about":[{"href":"https:\/\/credobus.hu\/shop\/wp-json\/wp\/v2\/types\/product"}],"wp:featuredmedia":[{"embeddable":true,"href":"https:\/\/credobus.hu\/shop\/wp-json\/wp\/v2\/media\/1595"}],"wp:attachment":[{"href":"https:\/\/credobus.hu\/shop\/wp-json\/wp\/v2\/media?parent=1488"}],"wp:term":[{"taxonomy":"product_brand","embeddable":true,"href":"https:\/\/credobus.hu\/shop\/wp-json\/wp\/v2\/product_brand?post=1488"},{"taxonomy":"product_cat","embeddable":true,"href":"https:\/\/credobus.hu\/shop\/wp-json\/wp\/v2\/product_cat?post=1488"},{"taxonomy":"product_tag","embeddable":true,"href":"https:\/\/credobus.hu\/shop\/wp-json\/wp\/v2\/product_tag?post=1488"}],"curies":[{"name":"wp","href":"https:\/\/api.w.org\/{rel}","templated":true}]}}