{"id":1514,"date":"2025-01-08T09:55:12","date_gmt":"2025-01-08T08:55:12","guid":{"rendered":"https:\/\/credobus.hu\/shop\/?post_type=product&#038;p=1514"},"modified":"2025-11-28T06:15:10","modified_gmt":"2025-11-28T05:15:10","slug":"speditornaptar-2026","status":"publish","type":"product","link":"https:\/\/credobus.hu\/shop\/termek\/speditornaptar-2026\/","title":{"rendered":"Spedit\u0151rnapt\u00e1r 2026"},"content":{"rendered":"","protected":false},"excerpt":{"rendered":"<p>Nagy m\u00e9ret\u0171, h\u00e1rom h\u00f3napos \u00e1ttekint\u00e9s\u0171 spedit\u0151rnapt\u00e1r egyedi grafik\u00e1val.<\/p>\n<p><strong>November v\u00e9g\u00e9t\u0151l rendelhet\u0151.<\/strong><\/p>\n","protected":false},"featured_media":1890,"template":"","meta":[],"product_brand":[],"product_cat":[25],"product_tag":[],"class_list":{"0":"post-1514","1":"product","2":"type-product","3":"status-publish","4":"has-post-thumbnail","6":"product_cat-naptarak","8":"first","9":"instock","10":"featured","11":"taxable","12":"shipping-taxable","13":"purchasable","14":"product-type-simple"},"_links":{"self":[{"href":"https:\/\/credobus.hu\/shop\/wp-json\/wp\/v2\/product\/1514","targetHints":{"allow":["GET"]}}],"collection":[{"href":"https:\/\/credobus.hu\/shop\/wp-json\/wp\/v2\/product"}],"about":[{"href":"https:\/\/credobus.hu\/shop\/wp-json\/wp\/v2\/types\/product"}],"wp:featuredmedia":[{"embeddable":true,"href":"https:\/\/credobus.hu\/shop\/wp-json\/wp\/v2\/media\/1890"}],"wp:attachment":[{"href":"https:\/\/credobus.hu\/shop\/wp-json\/wp\/v2\/media?parent=1514"}],"wp:term":[{"taxonomy":"product_brand","embeddable":true,"href":"https:\/\/credobus.hu\/shop\/wp-json\/wp\/v2\/product_brand?post=1514"},{"taxonomy":"product_cat","embeddable":true,"href":"https:\/\/credobus.hu\/shop\/wp-json\/wp\/v2\/product_cat?post=1514"},{"taxonomy":"product_tag","embeddable":true,"href":"https:\/\/credobus.hu\/shop\/wp-json\/wp\/v2\/product_tag?post=1514"}],"curies":[{"name":"wp","href":"https:\/\/api.w.org\/{rel}","templated":true}]}}