{"id":1517,"date":"2025-01-08T10:11:54","date_gmt":"2025-01-08T09:11:54","guid":{"rendered":"https:\/\/credobus.hu\/shop\/?post_type=product&#038;p=1517"},"modified":"2025-11-28T06:14:57","modified_gmt":"2025-11-28T05:14:57","slug":"hataridonaplo-2026","status":"publish","type":"product","link":"https:\/\/credobus.hu\/shop\/termek\/hataridonaplo-2026\/","title":{"rendered":"Hat\u00e1rid\u0151napl\u00f3 2026"},"content":{"rendered":"","protected":false},"excerpt":{"rendered":"<p>K\u00e9zre\u00e1ll\u00f3, k\u00f6nnyen hordozhat\u00f3, A\/5 m\u00e9ret\u0171, napi bont\u00e1s\u00fa hat\u00e1rid\u0151napl\u00f3, puha tapint\u00e1s\u00fa k\u00f6t\u00e9sben, egyedi grafik\u00e1val.<\/p>\n<p><strong>November v\u00e9g\u00e9t\u0151l rendelhet\u0151.<\/strong><\/p>\n","protected":false},"featured_media":1889,"template":"","meta":[],"product_brand":[],"product_cat":[25],"product_tag":[],"class_list":{"0":"post-1517","1":"product","2":"type-product","3":"status-publish","4":"has-post-thumbnail","6":"product_cat-naptarak","8":"first","9":"instock","10":"featured","11":"taxable","12":"shipping-taxable","13":"purchasable","14":"product-type-simple"},"_links":{"self":[{"href":"https:\/\/credobus.hu\/shop\/wp-json\/wp\/v2\/product\/1517","targetHints":{"allow":["GET"]}}],"collection":[{"href":"https:\/\/credobus.hu\/shop\/wp-json\/wp\/v2\/product"}],"about":[{"href":"https:\/\/credobus.hu\/shop\/wp-json\/wp\/v2\/types\/product"}],"wp:featuredmedia":[{"embeddable":true,"href":"https:\/\/credobus.hu\/shop\/wp-json\/wp\/v2\/media\/1889"}],"wp:attachment":[{"href":"https:\/\/credobus.hu\/shop\/wp-json\/wp\/v2\/media?parent=1517"}],"wp:term":[{"taxonomy":"product_brand","embeddable":true,"href":"https:\/\/credobus.hu\/shop\/wp-json\/wp\/v2\/product_brand?post=1517"},{"taxonomy":"product_cat","embeddable":true,"href":"https:\/\/credobus.hu\/shop\/wp-json\/wp\/v2\/product_cat?post=1517"},{"taxonomy":"product_tag","embeddable":true,"href":"https:\/\/credobus.hu\/shop\/wp-json\/wp\/v2\/product_tag?post=1517"}],"curies":[{"name":"wp","href":"https:\/\/api.w.org\/{rel}","templated":true}]}}