{"id":1519,"date":"2025-01-08T13:16:40","date_gmt":"2025-01-08T12:16:40","guid":{"rendered":"https:\/\/credobus.hu\/shop\/?post_type=product&#038;p=1519"},"modified":"2026-04-01T11:35:33","modified_gmt":"2026-04-01T09:35:33","slug":"hatizsak-electronell","status":"publish","type":"product","link":"https:\/\/credobus.hu\/shop\/termek\/hatizsak-electronell\/","title":{"rendered":"H\u00e1tizs\u00e1k Electronell"},"content":{"rendered":"","protected":false},"excerpt":{"rendered":"<p>Kis m\u00e9ret\u0171 h\u00e1tizs\u00e1k cipz\u00e1ras rekeszekkel, p\u00e1rn\u00e1zott laptop- (15&#8243;) \u00e9s tablettart\u00f3 (10&#8243;) rekesszel, p\u00e1rn\u00e1zott h\u00e1tr\u00e9sszel \u00e9s v\u00e1llp\u00e1ntokkal. Megk\u00fcl\u00f6nb\u00f6ztet\u0151 RPET c\u00edmk\u00e9vel \u00e9s be\u00e9p\u00edtett USB csatlakoz\u00f3val power bankekhez. Egyedi Electronell grafik\u00e1val feliratozva.<\/p>\n","protected":false},"featured_media":1522,"template":"","meta":[],"product_brand":[],"product_cat":[35],"product_tag":[],"class_list":{"0":"post-1519","1":"product","2":"type-product","3":"status-publish","4":"has-post-thumbnail","6":"product_cat-kiegeszitok","8":"first","9":"instock","10":"featured","11":"taxable","12":"shipping-taxable","13":"purchasable","14":"product-type-simple"},"_links":{"self":[{"href":"https:\/\/credobus.hu\/shop\/wp-json\/wp\/v2\/product\/1519","targetHints":{"allow":["GET"]}}],"collection":[{"href":"https:\/\/credobus.hu\/shop\/wp-json\/wp\/v2\/product"}],"about":[{"href":"https:\/\/credobus.hu\/shop\/wp-json\/wp\/v2\/types\/product"}],"wp:featuredmedia":[{"embeddable":true,"href":"https:\/\/credobus.hu\/shop\/wp-json\/wp\/v2\/media\/1522"}],"wp:attachment":[{"href":"https:\/\/credobus.hu\/shop\/wp-json\/wp\/v2\/media?parent=1519"}],"wp:term":[{"taxonomy":"product_brand","embeddable":true,"href":"https:\/\/credobus.hu\/shop\/wp-json\/wp\/v2\/product_brand?post=1519"},{"taxonomy":"product_cat","embeddable":true,"href":"https:\/\/credobus.hu\/shop\/wp-json\/wp\/v2\/product_cat?post=1519"},{"taxonomy":"product_tag","embeddable":true,"href":"https:\/\/credobus.hu\/shop\/wp-json\/wp\/v2\/product_tag?post=1519"}],"curies":[{"name":"wp","href":"https:\/\/api.w.org\/{rel}","templated":true}]}}