{"id":1528,"date":"2025-01-08T14:34:30","date_gmt":"2025-01-08T13:34:30","guid":{"rendered":"https:\/\/credobus.hu\/shop\/?post_type=product&#038;p=1528"},"modified":"2026-04-05T21:36:24","modified_gmt":"2026-04-05T19:36:24","slug":"usb-toltokabel","status":"publish","type":"product","link":"https:\/\/credobus.hu\/shop\/termek\/usb-toltokabel\/","title":{"rendered":"USB t\u00f6lt\u0151k\u00e1bel"},"content":{"rendered":"","protected":false},"excerpt":{"rendered":"<div class=\"product-data__description\">\n<div class=\"product-data__long-description\">Kendersz\u00f6vet bor\u00edt\u00e1s\u00fa ABS m\u0171anyag t\u00f6lt\u0151k\u00e1bel b\u00fazaszalma m\u0171anyaggal \u00e9s fa r\u00e9szletekkel. Micro USB, USB-C \u00e9s Lightning csatlakoz\u00f3kkal. USB \u00e9s USB-C bemenettel.<\/div>\n<\/div>\n","protected":false},"featured_media":1529,"template":"","meta":[],"product_brand":[],"product_cat":[68],"product_tag":[],"class_list":{"0":"post-1528","1":"product","2":"type-product","3":"status-publish","4":"has-post-thumbnail","6":"product_cat-elektronika","8":"first","9":"instock","10":"featured","11":"taxable","12":"shipping-taxable","13":"purchasable","14":"product-type-simple"},"_links":{"self":[{"href":"https:\/\/credobus.hu\/shop\/wp-json\/wp\/v2\/product\/1528","targetHints":{"allow":["GET"]}}],"collection":[{"href":"https:\/\/credobus.hu\/shop\/wp-json\/wp\/v2\/product"}],"about":[{"href":"https:\/\/credobus.hu\/shop\/wp-json\/wp\/v2\/types\/product"}],"wp:featuredmedia":[{"embeddable":true,"href":"https:\/\/credobus.hu\/shop\/wp-json\/wp\/v2\/media\/1529"}],"wp:attachment":[{"href":"https:\/\/credobus.hu\/shop\/wp-json\/wp\/v2\/media?parent=1528"}],"wp:term":[{"taxonomy":"product_brand","embeddable":true,"href":"https:\/\/credobus.hu\/shop\/wp-json\/wp\/v2\/product_brand?post=1528"},{"taxonomy":"product_cat","embeddable":true,"href":"https:\/\/credobus.hu\/shop\/wp-json\/wp\/v2\/product_cat?post=1528"},{"taxonomy":"product_tag","embeddable":true,"href":"https:\/\/credobus.hu\/shop\/wp-json\/wp\/v2\/product_tag?post=1528"}],"curies":[{"name":"wp","href":"https:\/\/api.w.org\/{rel}","templated":true}]}}