{"id":1531,"date":"2025-01-08T14:42:39","date_gmt":"2025-01-08T13:42:39","guid":{"rendered":"https:\/\/credobus.hu\/shop\/?post_type=product&#038;p=1531"},"modified":"2026-03-18T10:22:35","modified_gmt":"2026-03-18T09:22:35","slug":"bluetooth-fulhallgato","status":"publish","type":"product","link":"https:\/\/credobus.hu\/shop\/termek\/bluetooth-fulhallgato\/","title":{"rendered":"Bluetooth f\u00fclhallgat\u00f3"},"content":{"rendered":"","protected":false},"excerpt":{"rendered":"<div class=\"product-data__description\">\n<div class=\"product-data__long-description\">\n<div class=\"uk-sticky uk-active uk-sticky-fixed\">\n<div class=\"uk-card uk-card-default uk-card-small uk-scrollspy-inview uk-animation-slide-left\">\n<div class=\"uk-card-footer\">\n<div class=\"uk-margin uk-article\">Bluetooth-os f\u00fclhallgat\u00f3, hanger\u0151szab\u00e1lyz\u00f3val. M\u0171anyag tokkal \u00e9s t\u00f6lt\u0151k\u00e1bellel ell\u00e1tva.<\/div>\n<\/div>\n<\/div>\n<\/div>\n<\/div>\n<\/div>\n","protected":false},"featured_media":1532,"template":"","meta":[],"product_brand":[],"product_cat":[68],"product_tag":[],"class_list":{"0":"post-1531","1":"product","2":"type-product","3":"status-publish","4":"has-post-thumbnail","6":"product_cat-elektronika","8":"first","9":"instock","10":"featured","11":"taxable","12":"shipping-taxable","13":"purchasable","14":"product-type-simple"},"_links":{"self":[{"href":"https:\/\/credobus.hu\/shop\/wp-json\/wp\/v2\/product\/1531","targetHints":{"allow":["GET"]}}],"collection":[{"href":"https:\/\/credobus.hu\/shop\/wp-json\/wp\/v2\/product"}],"about":[{"href":"https:\/\/credobus.hu\/shop\/wp-json\/wp\/v2\/types\/product"}],"wp:featuredmedia":[{"embeddable":true,"href":"https:\/\/credobus.hu\/shop\/wp-json\/wp\/v2\/media\/1532"}],"wp:attachment":[{"href":"https:\/\/credobus.hu\/shop\/wp-json\/wp\/v2\/media?parent=1531"}],"wp:term":[{"taxonomy":"product_brand","embeddable":true,"href":"https:\/\/credobus.hu\/shop\/wp-json\/wp\/v2\/product_brand?post=1531"},{"taxonomy":"product_cat","embeddable":true,"href":"https:\/\/credobus.hu\/shop\/wp-json\/wp\/v2\/product_cat?post=1531"},{"taxonomy":"product_tag","embeddable":true,"href":"https:\/\/credobus.hu\/shop\/wp-json\/wp\/v2\/product_tag?post=1531"}],"curies":[{"name":"wp","href":"https:\/\/api.w.org\/{rel}","templated":true}]}}