{"id":156,"date":"2018-05-26T13:51:07","date_gmt":"2018-05-26T11:51:07","guid":{"rendered":"http:\/\/credobus.hu\/shop\/?post_type=product&#038;p=156"},"modified":"2025-10-16T06:28:21","modified_gmt":"2025-10-16T04:28:21","slug":"rovid-ujju-ferfi-galleros-polo","status":"publish","type":"product","link":"https:\/\/credobus.hu\/shop\/termek\/rovid-ujju-ferfi-galleros-polo\/","title":{"rendered":"R\u00f6vid ujj\u00fa f\u00e9rfi gall\u00e9ros p\u00f3l\u00f3"},"content":{"rendered":"","protected":false},"excerpt":{"rendered":"<p>R\u00f6vid ujj\u00fa f\u00e9rfi gall\u00e9ros p\u00f3l\u00f3 (p\u00f3l\u00f3ing) mellkas f\u00f6l\u00f6tt h\u00edmzett Credobus log\u00f3val<\/p>\n","protected":false},"featured_media":1855,"template":"","meta":[],"product_brand":[],"product_cat":[23],"product_tag":[],"class_list":{"0":"post-156","1":"product","2":"type-product","3":"status-publish","4":"has-post-thumbnail","6":"product_cat-textil_termekek","8":"first","9":"instock","10":"featured","11":"taxable","12":"shipping-taxable","13":"purchasable","14":"product-type-variable"},"_links":{"self":[{"href":"https:\/\/credobus.hu\/shop\/wp-json\/wp\/v2\/product\/156","targetHints":{"allow":["GET"]}}],"collection":[{"href":"https:\/\/credobus.hu\/shop\/wp-json\/wp\/v2\/product"}],"about":[{"href":"https:\/\/credobus.hu\/shop\/wp-json\/wp\/v2\/types\/product"}],"wp:featuredmedia":[{"embeddable":true,"href":"https:\/\/credobus.hu\/shop\/wp-json\/wp\/v2\/media\/1855"}],"wp:attachment":[{"href":"https:\/\/credobus.hu\/shop\/wp-json\/wp\/v2\/media?parent=156"}],"wp:term":[{"taxonomy":"product_brand","embeddable":true,"href":"https:\/\/credobus.hu\/shop\/wp-json\/wp\/v2\/product_brand?post=156"},{"taxonomy":"product_cat","embeddable":true,"href":"https:\/\/credobus.hu\/shop\/wp-json\/wp\/v2\/product_cat?post=156"},{"taxonomy":"product_tag","embeddable":true,"href":"https:\/\/credobus.hu\/shop\/wp-json\/wp\/v2\/product_tag?post=156"}],"curies":[{"name":"wp","href":"https:\/\/api.w.org\/{rel}","templated":true}]}}