{"id":1637,"date":"2025-03-06T09:43:50","date_gmt":"2025-03-06T08:43:50","guid":{"rendered":"https:\/\/credobus.hu\/shop\/?post_type=product&#038;p=1637"},"modified":"2025-04-08T09:49:11","modified_gmt":"2025-04-08T07:49:11","slug":"kartyajatek-40-kulonleges-credobus-modell","status":"publish","type":"product","link":"https:\/\/credobus.hu\/shop\/termek\/kartyajatek-40-kulonleges-credobus-modell\/","title":{"rendered":"K\u00e1rtyaj\u00e1t\u00e9k &#8211; 40 k\u00fcl\u00f6nleges Credobus modell"},"content":{"rendered":"<p>Neh\u00e9z elhinni, milyen sokf\u00e9le Credobus k\u00e9sz\u00fclt az elm\u00falt 25 \u00e9vben. Ezek k\u00f6z\u00fcl vonultat fel 40 k\u00fcl\u00f6nf\u00e9le modellt ez a k\u00fcl\u00f6nleges k\u00e1rtyaj\u00e1t\u00e9k. Az els\u0151k\u00e9nt gy\u00e1rtott IC 9,5-t\u0151l a Citadelleken \u00e9s a speci\u00e1lis aut\u00f3buszokon \u00e1t a leg\u00fajabb Electronellekig minden jelent\u0151sebb t\u00edpus ott van a lapok k\u00f6z\u00f6tt. J\u00e1tszhatjuk a doboz h\u00e1toldal\u00e1n tal\u00e1lhat\u00f3 j\u00e1t\u00e9kszab\u00e1ly szerint vagy kvartett k\u00e1rtyaj\u00e1t\u00e9kk\u00e9nt.<\/p>\n","protected":false},"excerpt":{"rendered":"<p>Az aut\u00f3sk\u00e1rty\u00e1kat id\u00e9z\u0151 j\u00e1t\u00e9k az elm\u00falt 25 \u00e9v 40 k\u00fcl\u00f6nleges Credobus modellj\u00e9vel.<\/p>\n","protected":false},"featured_media":1639,"template":"","meta":[],"product_brand":[],"product_cat":[35],"product_tag":[],"class_list":{"0":"post-1637","1":"product","2":"type-product","3":"status-publish","4":"has-post-thumbnail","6":"product_cat-kiegeszitok","8":"first","9":"instock","10":"featured","11":"sold-individually","12":"taxable","13":"shipping-taxable","14":"purchasable","15":"product-type-simple"},"_links":{"self":[{"href":"https:\/\/credobus.hu\/shop\/wp-json\/wp\/v2\/product\/1637","targetHints":{"allow":["GET"]}}],"collection":[{"href":"https:\/\/credobus.hu\/shop\/wp-json\/wp\/v2\/product"}],"about":[{"href":"https:\/\/credobus.hu\/shop\/wp-json\/wp\/v2\/types\/product"}],"wp:featuredmedia":[{"embeddable":true,"href":"https:\/\/credobus.hu\/shop\/wp-json\/wp\/v2\/media\/1639"}],"wp:attachment":[{"href":"https:\/\/credobus.hu\/shop\/wp-json\/wp\/v2\/media?parent=1637"}],"wp:term":[{"taxonomy":"product_brand","embeddable":true,"href":"https:\/\/credobus.hu\/shop\/wp-json\/wp\/v2\/product_brand?post=1637"},{"taxonomy":"product_cat","embeddable":true,"href":"https:\/\/credobus.hu\/shop\/wp-json\/wp\/v2\/product_cat?post=1637"},{"taxonomy":"product_tag","embeddable":true,"href":"https:\/\/credobus.hu\/shop\/wp-json\/wp\/v2\/product_tag?post=1637"}],"curies":[{"name":"wp","href":"https:\/\/api.w.org\/{rel}","templated":true}]}}