{"id":167,"date":"2018-05-26T15:40:28","date_gmt":"2018-05-26T13:40:28","guid":{"rendered":"http:\/\/credobus.hu\/shop\/?post_type=product&#038;p=167"},"modified":"2023-12-12T14:45:13","modified_gmt":"2023-12-12T13:45:13","slug":"kulcstarto-next","status":"publish","type":"product","link":"https:\/\/credobus.hu\/shop\/termek\/kulcstarto-next\/","title":{"rendered":"Kulcstart\u00f3 &#8211; Next"},"content":{"rendered":"","protected":false},"excerpt":{"rendered":"<p>Egyedi \u00f6nt\u00e9s\u0171, soft PVC alapanyag\u00fa, Econell Next alak\u00fa kulcstart\u00f3 kulcskarik\u00e1val<\/p>\n","protected":false},"featured_media":983,"template":"","meta":[],"product_brand":[],"product_cat":[35],"product_tag":[],"class_list":{"0":"post-167","1":"product","2":"type-product","3":"status-publish","4":"has-post-thumbnail","6":"product_cat-kiegeszitok","8":"first","9":"instock","10":"featured","11":"taxable","12":"shipping-taxable","13":"purchasable","14":"product-type-simple"},"_links":{"self":[{"href":"https:\/\/credobus.hu\/shop\/wp-json\/wp\/v2\/product\/167","targetHints":{"allow":["GET"]}}],"collection":[{"href":"https:\/\/credobus.hu\/shop\/wp-json\/wp\/v2\/product"}],"about":[{"href":"https:\/\/credobus.hu\/shop\/wp-json\/wp\/v2\/types\/product"}],"wp:featuredmedia":[{"embeddable":true,"href":"https:\/\/credobus.hu\/shop\/wp-json\/wp\/v2\/media\/983"}],"wp:attachment":[{"href":"https:\/\/credobus.hu\/shop\/wp-json\/wp\/v2\/media?parent=167"}],"wp:term":[{"taxonomy":"product_brand","embeddable":true,"href":"https:\/\/credobus.hu\/shop\/wp-json\/wp\/v2\/product_brand?post=167"},{"taxonomy":"product_cat","embeddable":true,"href":"https:\/\/credobus.hu\/shop\/wp-json\/wp\/v2\/product_cat?post=167"},{"taxonomy":"product_tag","embeddable":true,"href":"https:\/\/credobus.hu\/shop\/wp-json\/wp\/v2\/product_tag?post=167"}],"curies":[{"name":"wp","href":"https:\/\/api.w.org\/{rel}","templated":true}]}}