{"id":171,"date":"2018-05-26T15:51:23","date_gmt":"2018-05-26T13:51:23","guid":{"rendered":"http:\/\/credobus.hu\/shop\/?post_type=product&#038;p=171"},"modified":"2025-01-08T14:55:55","modified_gmt":"2025-01-08T13:55:55","slug":"nyakpant-electronell","status":"publish","type":"product","link":"https:\/\/credobus.hu\/shop\/termek\/nyakpant-electronell\/","title":{"rendered":"Nyakp\u00e1nt &#8211; Electronell"},"content":{"rendered":"","protected":false},"excerpt":{"rendered":"<p>Sz\u00e9les nyakp\u00e1nt bel\u00e9p\u0151k\u00e1rty\u00e1khoz, cseppkarab\u00ednerrel, egy oldalon Credobus log\u00f3val embl\u00e9m\u00e1zva<\/p>\n","protected":false},"featured_media":1324,"template":"","meta":[],"product_brand":[],"product_cat":[35],"product_tag":[],"class_list":{"0":"post-171","1":"product","2":"type-product","3":"status-publish","4":"has-post-thumbnail","6":"product_cat-kiegeszitok","8":"first","9":"instock","10":"featured","11":"taxable","12":"shipping-taxable","13":"purchasable","14":"product-type-simple"},"_links":{"self":[{"href":"https:\/\/credobus.hu\/shop\/wp-json\/wp\/v2\/product\/171","targetHints":{"allow":["GET"]}}],"collection":[{"href":"https:\/\/credobus.hu\/shop\/wp-json\/wp\/v2\/product"}],"about":[{"href":"https:\/\/credobus.hu\/shop\/wp-json\/wp\/v2\/types\/product"}],"wp:featuredmedia":[{"embeddable":true,"href":"https:\/\/credobus.hu\/shop\/wp-json\/wp\/v2\/media\/1324"}],"wp:attachment":[{"href":"https:\/\/credobus.hu\/shop\/wp-json\/wp\/v2\/media?parent=171"}],"wp:term":[{"taxonomy":"product_brand","embeddable":true,"href":"https:\/\/credobus.hu\/shop\/wp-json\/wp\/v2\/product_brand?post=171"},{"taxonomy":"product_cat","embeddable":true,"href":"https:\/\/credobus.hu\/shop\/wp-json\/wp\/v2\/product_cat?post=171"},{"taxonomy":"product_tag","embeddable":true,"href":"https:\/\/credobus.hu\/shop\/wp-json\/wp\/v2\/product_tag?post=171"}],"curies":[{"name":"wp","href":"https:\/\/api.w.org\/{rel}","templated":true}]}}