{"id":437,"date":"2019-01-02T15:37:57","date_gmt":"2019-01-02T14:37:57","guid":{"rendered":"https:\/\/credobus.hu\/shop\/?post_type=product&#038;p=437"},"modified":"2026-03-03T11:22:46","modified_gmt":"2026-03-03T10:22:46","slug":"ferfi-ing","status":"publish","type":"product","link":"https:\/\/credobus.hu\/shop\/termek\/ferfi-ing\/","title":{"rendered":"F\u00e9rfi ing"},"content":{"rendered":"","protected":false},"excerpt":{"rendered":"<p>Vasal\u00e1sk\u00f6nny\u00edtett, norm\u00e1l fazon\u00fa f\u00e9rfi ing mellkasi zsebbel, h\u00edmzett Credobus log\u00f3val<\/p>\n","protected":false},"featured_media":451,"template":"","meta":[],"product_brand":[],"product_cat":[23],"product_tag":[],"class_list":{"0":"post-437","1":"product","2":"type-product","3":"status-publish","4":"has-post-thumbnail","6":"product_cat-textil_termekek","8":"first","9":"instock","10":"featured","11":"taxable","12":"shipping-taxable","13":"purchasable","14":"product-type-variable"},"_links":{"self":[{"href":"https:\/\/credobus.hu\/shop\/wp-json\/wp\/v2\/product\/437","targetHints":{"allow":["GET"]}}],"collection":[{"href":"https:\/\/credobus.hu\/shop\/wp-json\/wp\/v2\/product"}],"about":[{"href":"https:\/\/credobus.hu\/shop\/wp-json\/wp\/v2\/types\/product"}],"wp:featuredmedia":[{"embeddable":true,"href":"https:\/\/credobus.hu\/shop\/wp-json\/wp\/v2\/media\/451"}],"wp:attachment":[{"href":"https:\/\/credobus.hu\/shop\/wp-json\/wp\/v2\/media?parent=437"}],"wp:term":[{"taxonomy":"product_brand","embeddable":true,"href":"https:\/\/credobus.hu\/shop\/wp-json\/wp\/v2\/product_brand?post=437"},{"taxonomy":"product_cat","embeddable":true,"href":"https:\/\/credobus.hu\/shop\/wp-json\/wp\/v2\/product_cat?post=437"},{"taxonomy":"product_tag","embeddable":true,"href":"https:\/\/credobus.hu\/shop\/wp-json\/wp\/v2\/product_tag?post=437"}],"curies":[{"name":"wp","href":"https:\/\/api.w.org\/{rel}","templated":true}]}}