{"id":834,"date":"2022-01-19T12:57:32","date_gmt":"2022-01-19T11:57:32","guid":{"rendered":"https:\/\/credobus.hu\/shop\/?post_type=product&#038;p=834"},"modified":"2025-11-28T06:23:13","modified_gmt":"2025-11-28T05:23:13","slug":"credobus-econell-18-next-pro","status":"publish","type":"product","link":"https:\/\/credobus.hu\/shop\/termek\/credobus-econell-18-next-pro\/","title":{"rendered":"Credobus Econell 18 Next PRO"},"content":{"rendered":"","protected":false},"excerpt":{"rendered":"<div class=\"tm_pb_column tm_pb_column_1_2 tm_pb_column_4 col-xs-12 col-sm-12 col-md-6 col-lg-6 col-xl-6 tm_pb_vertical_alligment_start\">\n<div class=\"tm_pb_text tm_pb_module tm_pb_bg_layout_light tm_pb_text_align_left tm_pb_text_3\">Az \u00faj Credobus Econell 18 Next a vil\u00e1g legk\u00f6nnyebb, 18 m\u00e9teres kateg\u00f3ri\u00e1j\u00fa csukl\u00f3s aut\u00f3busza.<\/div>\n<div><\/div>\n<div class=\"tm_pb_text tm_pb_module tm_pb_bg_layout_light tm_pb_text_align_left tm_pb_text_3\">Az aut\u00f3busz PRO kivitel\u0171, kidolgozott belter\u0171 makettje apr\u00f3l\u00e9kos k\u00e9zi fest\u00e9ssel k\u00e9sz\u00fcl, ez\u00e9rt minden darab egyedi. A makett csavaroz\u00e1ssal ker\u00fcl a plexitalpra, gyermekj\u00e1t\u00e9knak nem alkalmas.<\/div>\n<\/div>\n<div><\/div>\n<div>A term\u00e9k kis sorozatban k\u00e9sz\u00fclt, csak k\u00fcl\u00f6n rendel\u00e9sre \u00e9rt\u00e9kes\u00edtj\u00fck. \u00c1raj\u00e1nlatot a credobus@credobus.hu e-mail c\u00edmen k\u00e9rhet.<\/div>\n","protected":false},"featured_media":835,"template":"","meta":[],"product_brand":[],"product_cat":[22],"product_tag":[],"class_list":{"0":"post-834","1":"product","2":"type-product","3":"status-publish","4":"has-post-thumbnail","6":"product_cat-makettek","8":"first","9":"outofstock","10":"taxable","11":"shipping-taxable","12":"product-type-simple"},"_links":{"self":[{"href":"https:\/\/credobus.hu\/shop\/wp-json\/wp\/v2\/product\/834","targetHints":{"allow":["GET"]}}],"collection":[{"href":"https:\/\/credobus.hu\/shop\/wp-json\/wp\/v2\/product"}],"about":[{"href":"https:\/\/credobus.hu\/shop\/wp-json\/wp\/v2\/types\/product"}],"wp:featuredmedia":[{"embeddable":true,"href":"https:\/\/credobus.hu\/shop\/wp-json\/wp\/v2\/media\/835"}],"wp:attachment":[{"href":"https:\/\/credobus.hu\/shop\/wp-json\/wp\/v2\/media?parent=834"}],"wp:term":[{"taxonomy":"product_brand","embeddable":true,"href":"https:\/\/credobus.hu\/shop\/wp-json\/wp\/v2\/product_brand?post=834"},{"taxonomy":"product_cat","embeddable":true,"href":"https:\/\/credobus.hu\/shop\/wp-json\/wp\/v2\/product_cat?post=834"},{"taxonomy":"product_tag","embeddable":true,"href":"https:\/\/credobus.hu\/shop\/wp-json\/wp\/v2\/product_tag?post=834"}],"curies":[{"name":"wp","href":"https:\/\/api.w.org\/{rel}","templated":true}]}}